{"id":21,"date":"2008-02-11T11:41:23","date_gmt":"2008-02-11T10:41:23","guid":{"rendered":"http:\/\/carfree.fr\/index.php\/bibliographie\/"},"modified":"2021-01-07T17:41:44","modified_gmt":"2021-01-07T16:41:44","slug":"bibliographie","status":"publish","type":"page","link":"https:\/\/carfree.fr\/index.php\/ressources\/bibliographie\/","title":{"rendered":"Bibliographie"},"content":{"rendered":"<p>Bibliographie d\u00e9taill\u00e9e de la fin de la soci\u00e9t\u00e9 de l&rsquo;automobile. <!--more--><\/p>\n<p><a title=\"http:\/\/carfree.fr\/index.php\/2010\/06\/03\/apres-la-voiture\/\" href=\"http:\/\/carfree.fr\/index.php\/2010\/06\/03\/apres-la-voiture\/\" target=\"_self\">After the car<\/a>, John Urry et Kingsley Dennis, Polity Press, 2009.<\/p>\n<p><a href=\"http:\/\/carfree.fr\/index.php\/2008\/06\/09\/au-bout-du-petrole\/\">Au bout du p\u00e9trole<\/a>, Normand Mousseau, \u00c9ditions Multimondes, 2008.<\/p>\n<p><a href=\"http:\/\/carfree.fr\/index.php\/2006\/03\/03\/automobile-petrole-imperialisme\/\">Automobile, p\u00e9trole, imp\u00e9rialisme<\/a>, Hosea Jaffe, Editions Parangon, 2005.<\/p>\n<p><a title=\"http:\/\/carfree.fr\/index.php\/2009\/02\/20\/automobile-politics\/\" href=\"http:\/\/carfree.fr\/index.php\/2009\/02\/20\/automobile-politics\/\">Automobile politics<\/a>, Matthew Paterson, Cambridge University Press, 2007.<\/p>\n<p><a href=\"http:\/\/carfree.fr\/index.php\/2007\/10\/23\/cartoons-le-cauchemar-automobile\/\">CARtoons : Le cauchemar automobile<\/a>, Andy Singer, Collection Action graphique, Editions l&rsquo;\u00e9chapp\u00e9e, 2007.<\/p>\n<p><a title=\"http:\/\/carfree.fr\/index.php\/2009\/01\/31\/comment-les-riches-detruisent-la-planete\/\" href=\"http:\/\/carfree.fr\/index.php\/2009\/01\/31\/comment-les-riches-detruisent-la-planete\/\">Comment les riches d\u00e9truisent la plan\u00e8te<\/a>, Herv\u00e9 Kempf, Editions du Seuil, 2007.<\/p>\n<p><a href=\"http:\/\/carfree.fr\/index.php\/2005\/03\/23\/contre-la-bagnole\/\">Contre la bagnole<\/a>, ouvrage collectif du Regroupement d&rsquo;opposants \u00e0 la bagnole, 1987.<\/p>\n<p><a title=\"http:\/\/carfree.fr\/index.php\/2009\/02\/22\/contre-lautomobilite\/\" href=\"http:\/\/carfree.fr\/index.php\/2009\/02\/22\/contre-lautomobilite\/\">Contre l&rsquo;automobilit\u00e9<\/a>, Steffen B\u00f6hm, Campbell Jones, Chris Land &amp; Matthew Paterson, Blackwell Publishing, 2006.<\/p>\n<p><a href=\"http:\/\/carfree.fr\/index.php\/2007\/11\/15\/cul-de-sac-limpasse-de-la-voiture-en-milieu-urbain\/\">Cul-de-sac, l&rsquo;impasse de la voiture en milieu urbain<\/a>, Martin Blanchard et Christian Nadeau, \u00c9ditions H\u00e9liotrope, 2007.<\/p>\n<p><a href=\"http:\/\/carfree.fr\/index.php\/2008\/01\/07\/hommage-a-la-voiture\/\">De l&rsquo;air !<\/a>, Beno\u00eet Saint Girons, 2008.<\/p>\n<p><a title=\"http:\/\/carfree.fr\/index.php\/2009\/03\/14\/detestation-de-lautomobile-et-de-lautomobiliste\/\" href=\"http:\/\/carfree.fr\/index.php\/2009\/03\/14\/detestation-de-lautomobile-et-de-lautomobiliste\/\" target=\"_self\">D\u00e9testation de l\u2019automobile et de l\u2019automobiliste<\/a>, Yves Desrichard, Editions Le Manuscrit, mai 2002.<\/p>\n<p><a title=\"http:\/\/carfree.fr\/index.php\/2010\/05\/09\/deux-roues-libres-chronique-dune-echappee-belle\/\" href=\"http:\/\/carfree.fr\/index.php\/2010\/05\/09\/deux-roues-libres-chronique-dune-echappee-belle\/\" target=\"_self\">Deux roues, libres ! Chronique d\u2019une \u00e9chapp\u00e9e belle<\/a>, Pierre Thiesset, Editions La D\u00e9bacle, mai 2010.<\/p>\n<p><a href=\"http:\/\/carfree.fr\/index.php\/2008\/02\/04\/dictionnaire-critique-de-lautomobile\/\">Dictionnaire critique de l&rsquo;automobile, Petit glossaire de l&rsquo;altermobilit\u00e9<\/a>, Gilles Chomel et Marcel Robert, CarFree Editions, 2008.<\/p>\n<p><a title=\"http:\/\/carfree.fr\/index.php\/2010\/04\/07\/ecoblanchiment-quand-les-4x4-sauvent-la-planete\/\" href=\"http:\/\/carfree.fr\/index.php\/2010\/04\/07\/ecoblanchiment-quand-les-4x4-sauvent-la-planete\/\" target=\"_self\">Ecoblanchiment, quand les 4\u00d74 sauvent la plan\u00e8te<\/a>, Jean-Fran\u00e7ois Notebaert et Wilfrid S\u00e9jeau, Editions Les petits matins, 2010.<\/p>\n<p><a title=\"http:\/\/carfree.fr\/index.php\/2009\/03\/23\/les-voitures-seront-elles-nos-statues-de-lile-de-paques\/\" href=\"http:\/\/carfree.fr\/index.php\/2009\/03\/23\/les-voitures-seront-elles-nos-statues-de-lile-de-paques\/\" target=\"_self\">Effondrement : Comment les soci\u00e9t\u00e9s d\u00e9cident de leur disparition ou de leur survie<\/a>, Jared Diamond, Editions Folio Gallimard, f\u00e9vrier 2009.<\/p>\n<p><a href=\"http:\/\/carfree.fr\/index.php\/2008\/02\/03\/energie-et-equite-1973\/\">Energie et \u00e9quit\u00e9<\/a>, Ivan Illich, Editions Le Seuil, 1973.<\/p>\n<p><a href=\"http:\/\/carfree.fr\/index.php\/2008\/02\/20\/la-place-du-velo-dans-la-culture-neerlandaise\/\">FIETS La place du v\u00e9lo dans la culture n\u00e9erlandaise<\/a>, Arnaud Rousseaux, 2007.<\/p>\n<p><a href=\"http:\/\/carfree.fr\/index.php\/2008\/03\/11\/formes-urbaines-du-futur-et-mobilite-non-motorisee\/\">Formes urbaines du futur et mobilit\u00e9 non-motoris\u00e9e<\/a>, Actes du s\u00e9minaire du 17 d\u00e9cembre 1999 organis\u00e9 \u00e0 Paris par le comit\u00e9 du programme mobilisateur 17 : \u201cD\u00e9placements non-motoris\u00e9s\u201d du groupe th\u00e9matique Recherches strat\u00e9giques du Predit avec le soutien du Club des villes cyclables.<\/p>\n<p><a href=\"http:\/\/carfree.fr\/index.php\/2006\/09\/01\/un-livre-pour-se-desintoxiquer-de-la-voiture\/\">How to Live Well Without Owning a Car : Save Money, Breathe Easier, and Get More Mileage Out of Life<\/a>, Chris Balish, \u00e9dition Ten Speed Press, 2006.<\/p>\n<p><a title=\"http:\/\/carfree.fr\/index.php\/2013\/11\/06\/un-livre-sur-les-iles-sans-voitures\/\" href=\"http:\/\/carfree.fr\/index.php\/2013\/11\/06\/un-livre-sur-les-iles-sans-voitures\/\" target=\"_blank\" rel=\"noopener\">Iles sans voitures<\/a>, Marcel Robert, Carfree France Editions, 2013.<\/p>\n<p><a href=\"http:\/\/carfree.fr\/index.php\/2008\/05\/13\/je-suis-lautomobile\/\">Je suis l&rsquo;automobile<\/a>, Jean-Pierre Orfeuil, \u00c9ditions de l&rsquo;Aube, 1994.<\/p>\n<p><a title=\"http:\/\/carfree.fr\/index.php\/2008\/11\/18\/lapocalypse-est-pour-demain-ou-les-aventures-de-robin-cruso\/\" href=\"http:\/\/carfree.fr\/index.php\/2008\/11\/18\/lapocalypse-est-pour-demain-ou-les-aventures-de-robin-cruso\/\">L\u2019Apocalypse est pour demain ou les aventures de Robin Cruso<\/a>, Jean Yanne, 1978.<\/p>\n<p><a title=\"http:\/\/carfree.fr\/index.php\/2010\/06\/14\/lequation-du-nenuphar\/\" href=\"http:\/\/carfree.fr\/index.php\/2010\/06\/14\/lequation-du-nenuphar\/\" target=\"_self\">L\u2019\u00e9quation du n\u00e9nuphar<\/a>, Albert Jacquart, Calmann-L\u00e9vy, 1998.<\/p>\n<p><a href=\"http:\/\/carfree.fr\/index.php\/2005\/10\/07\/lhistoire-secrete-du-plomb\/\">L&rsquo;histoire secr\u00e8te du plomb<\/a>, Jamie Lincoln Kitman , \u00c9ditions Allia, 2005.<\/p>\n<p><a href=\"http:\/\/carfree.fr\/index.php\/2006\/03\/19\/lhommauto\/\">L&rsquo;Hommauto<\/a>, Bernard Charbonneau, Denoel, 1967.<\/p>\n<p><a href=\"http:\/\/carfree.fr\/index.php\/2007\/10\/09\/la-faim-la-bagnole-le-ble-et-nous\/\">La faim, la bagnole, le bl\u00e9 et nous<\/a>, une d\u00e9nonciation des biocarburants, Fabrice Nicolino, Fayard, 2007.<\/p>\n<p><a title=\"http:\/\/carfree.fr\/index.php\/2009\/02\/02\/la-fracture-ferroviaire\/\" href=\"http:\/\/carfree.fr\/index.php\/2009\/02\/02\/la-fracture-ferroviaire\/\">La fracture ferroviaire<\/a>, Vincent Doumayrou, \u00c9ditions de l\u2019Atelier, 2007.<\/p>\n<p><a title=\"http:\/\/carfree.fr\/index.php\/2009\/11\/12\/la-mobilisation-infinie\/\" href=\"http:\/\/carfree.fr\/index.php\/2009\/11\/12\/la-mobilisation-infinie\/\" target=\"_blank\" rel=\"noopener\">La Mobilisation infinie. Vers une critique de la cin\u00e9tique politique<\/a>, Peter Sloterdijk, Editions Bourgois, 2000.<\/p>\n<p><a href=\"http:\/\/carfree.fr\/index.php\/2007\/11\/28\/la-tyrannie-de-lautomobile\/\">La tyrannie de l&rsquo;automobile, Du r\u00eave \u00e0 la calamit\u00e9<\/a>, Pierre Gillet, \u00c9diteur Homnisph\u00e8res, 2007.<\/p>\n<p><a href=\"http:\/\/carfree.fr\/index.php\/2008\/04\/22\/la-ville-insoutenable\/\">La Ville insoutenable<\/a>, Antonin Berque, Philippe Bonnin, Cynthia Ghorra-Gobin (dir.), Belin, 2006.<\/p>\n<p><a href=\"http:\/\/carfree.fr\/index.php\/2005\/06\/17\/le-livre-noir-de-lautomobile\/\">Le Livre Noir de l\u2019automobile<\/a>, Exploration du rapport malsain de l&rsquo;homme contemporain \u00e0 l&rsquo;automobile, Richard Bergeron, Editions Hypoth\u00e8se, 2004.<\/p>\n<p><a title=\"http:\/\/carfree.fr\/index.php\/2008\/10\/23\/le-mythe-du-progres\/\" href=\"http:\/\/carfree.fr\/index.php\/2008\/10\/23\/le-mythe-du-progres\/\">Le Mythe du Progr\u00e8s<\/a>, Kirkpatrick Sale, 2008.<\/p>\n<p><a title=\"http:\/\/carfree.fr\/index.php\/2008\/11\/14\/le-vehicule-des-dieux-archeologie-de-lautomobile\/\" href=\"http:\/\/carfree.fr\/index.php\/2008\/11\/14\/le-vehicule-des-dieux-archeologie-de-lautomobile\/\">Le V\u00e9hicule des Dieux : Arch\u00e9ologie de l\u2019automobile<\/a>, J\u00f6rg Jochen Berns, Desjonqu\u00e8res, 2003.<\/p>\n<p><a title=\"http:\/\/carfree.fr\/index.php\/2007\/12\/16\/les-quatre-roues-de-la-fortune-essai-sur-lautomobile\/\" href=\"http:\/\/carfree.fr\/index.php\/2007\/12\/16\/les-quatre-roues-de-la-fortune-essai-sur-lautomobile\/\">Les Quatre Roues De La Fortune, Essai Sur L&rsquo;automobile<\/a>, Alfred Sauvy, \u00c9ditions Flammarion &#8211; Collection \u00ab Le meilleur des mondes\u00bb, 1968.<\/p>\n<p><a title=\"http:\/\/carfree.fr\/index.php\/2008\/11\/13\/la-m25-route-orbitale-de-londres-vers-lapocalypse-automobile\/\" href=\"http:\/\/carfree.fr\/index.php\/2008\/11\/13\/la-m25-route-orbitale-de-londres-vers-lapocalypse-automobile\/\">London Orbital<\/a>, Iain Sinclair, Copyrighted Material, 2002.<\/p>\n<p><a href=\"http:\/\/carfree.fr\/index.php\/2008\/06\/16\/mouvement-pour-la-destruction-de-la-planete\/\">Mouvement pour la destruction de la plan\u00e8te (et rapidos)<\/a>, Philippe Ducat et Jean-Pierre Moulinot, Editions La Martini\u00e8re, 2008.<\/p>\n<p><a title=\"http:\/\/carfree.fr\/index.php\/2010\/06\/24\/comment-le-capitalisme-detruit-la-planete\/\" href=\"http:\/\/carfree.fr\/index.php\/2010\/06\/24\/comment-le-capitalisme-detruit-la-planete\/\" target=\"_self\">Nauru, l\u2019\u00eele d\u00e9vast\u00e9e. Comment la civilisation capitaliste a d\u00e9truit le pays le plus riche du monde<\/a>, Luc Folliet, Editions La D\u00e9couverte, mars 2010.<\/p>\n<p><a title=\"http:\/\/carfree.fr\/index.php\/2010\/02\/09\/petit-manuel-de-desobeissance-civile-a-lusage-de-ceux-qui-veulent-vraiment-changer-le-monde\/\" href=\"http:\/\/carfree.fr\/index.php\/2010\/02\/09\/petit-manuel-de-desobeissance-civile-a-lusage-de-ceux-qui-veulent-vraiment-changer-le-monde\/\" target=\"_self\">Petit manuel de d\u00e9sob\u00e9issance civile \u00e0 l\u2019usage de ceux qui veulent vraiment changer le monde<\/a>, Renou Xavier, Editions Syllepse, octobre 2009.<\/p>\n<p><a href=\"http:\/\/carfree.fr\/index.php\/2007\/11\/29\/petit-traite-de-velosophie\/\">Petit trait\u00e9 de v\u00e9losophie<\/a>, Le monde vu de ma selle, Didier Tronchet, Omnibus, 2000.<\/p>\n<p><a title=\"http:\/\/carfree.fr\/index.php\/2008\/10\/14\/petrole-la-fete-est-finie\/\" href=\"http:\/\/carfree.fr\/index.php\/2008\/10\/14\/petrole-la-fete-est-finie\/\">P\u00e9trole : la f\u00eate est finie !<\/a>, Richard HEINBERG, Editions Demi-Lune, 2003.<\/p>\n<p><a href=\"http:\/\/carfree.fr\/index.php\/2007\/12\/13\/pieton-une-espece-menacee\/\">Pi\u00e9ton, une esp\u00e8ce menac\u00e9e<\/a>, Echile Renardier, Editions Benevent, 2007.<\/p>\n<p><a title=\"http:\/\/carfree.fr\/index.php\/2008\/07\/06\/pollution-de-lair-63-millions-de-contamines\/\" href=\"http:\/\/carfree.fr\/index.php\/2008\/07\/06\/pollution-de-lair-63-millions-de-contamines\/\">Pollution de l\u2019air : 63 millions de contamin\u00e9s<\/a>, Franck LAVAL, Editions du Rocher, 2008.<\/p>\n<p><a href=\"http:\/\/carfree.fr\/index.php\/2008\/02\/04\/pour-en-finir-avec-la-societe-de-lautomobile\/\">Pour en finir avec la soci\u00e9t\u00e9 de l&rsquo;automobile<\/a>, Marcel Robert, Carfree Editions, 2005.<\/p>\n<p><a href=\"http:\/\/carfree.fr\/index.php\/2007\/12\/01\/pour-en-finir-avec-le-mythe-de-lautomobile\/\">Pour en finir avec le mythe de l&rsquo;automobile<\/a>, La libert\u00e9 de circuler, Colin Ward, 1993.<\/p>\n<p><a title=\"http:\/\/carfree.fr\/index.php\/2008\/09\/14\/pour-une-ville-qui-marche\/\" href=\"http:\/\/carfree.fr\/index.php\/2008\/09\/14\/pour-une-ville-qui-marche\/\">Pour une ville qui marche: Am\u00e9nagement urbain et sant\u00e9<\/a>, Marie Demers, \u00c9ditions \u00c9cosoci\u00e9t\u00e9, 2008.<\/p>\n<p><a href=\"http:\/\/carfree.fr\/index.php\/2007\/10\/22\/rapide-essai-de-theologie-automobile\/\">Rapide essai de th\u00e9ologie automobile<\/a>, Gaspard-Marie Janvier, Editions Mille et une nuit, 2006.<\/p>\n<p><a title=\"http:\/\/carfree.fr\/index.php\/2009\/05\/17\/resistez-les-vraies-raisons-de-lutter-les-outils-pour-se-faire-entendre\/\" href=\"http:\/\/carfree.fr\/index.php\/2009\/05\/17\/resistez-les-vraies-raisons-de-lutter-les-outils-pour-se-faire-entendre\/\" target=\"_self\">R\u00e9sistez! Les vraies raisons de lutter, les outils pour se faire entendre, Guide de d\u00e9fense de l\u2019environnement local<\/a>, Emmanuel Hussenet, Village \u00c9ditions, octobre 2002.<\/p>\n<p><a title=\"http:\/\/carfree.fr\/index.php\/2010\/05\/17\/resister-pour-sortir-du-developpement\/\" href=\"http:\/\/carfree.fr\/index.php\/2010\/05\/17\/resister-pour-sortir-du-developpement\/\" target=\"_self\">R\u00e9sister pour sortir du d\u00e9veloppement<\/a>, Simon Charbonneau, Editions Sang de la Terre, 2009.<\/p>\n<p><a href=\"http:\/\/carfree.fr\/index.php\/2008\/01\/30\/the-elephant-in-the-bedroom\/\">The Elephant in the Bedroom<\/a>, Automobile Dependence &amp; Denial &#8211; Impacts on the Economy and Environment, Stanley Hart et Alvin Spivak, 1993.<\/p>\n<p><a href=\"https:\/\/www.lulu.com\/shop\/marcel-robert\/transports-publics-urbains-textes-sur-la-gratuit%C3%A9\/paperback\/product-22242035.html\" target=\"_blank\" rel=\"noopener\">Transports publics urbains: Textes sur la gratuit\u00e9<\/a>,\u00a0Marcel Robert,\u00a0Carfree France Editions, 2015.<\/p>\n<p><a title=\"http:\/\/carfree.fr\/index.php\/2013\/12\/21\/velogistique\/\" href=\"http:\/\/carfree.fr\/index.php\/2013\/12\/21\/velogistique\/\" target=\"_blank\" rel=\"noopener\">V\u00e9logistique<\/a>, Carfree France Editions, Marcel Robert, 2014.<\/p>\n<p><a href=\"http:\/\/carfree.fr\/index.php\/2008\/01\/30\/the-elephant-in-the-bedroom\/\">Vivre et penser comme des porcs<\/a>, De l\u2019incitation \u00e0 l\u2019envie et \u00e0 l\u2019ennui dans les d\u00e9mocraties-march\u00e9s, Gilles Ch\u00e2telet, Folio Gallimard (Actuel), 1998.<\/p>\n","protected":false},"excerpt":{"rendered":"<p>Bibliographie d\u00e9taill\u00e9e de la fin de la soci\u00e9t\u00e9 de l&rsquo;automobile.<\/p>\n","protected":false},"author":1390,"featured_media":41942,"parent":40,"menu_order":0,"comment_status":"open","ping_status":"open","template":"","meta":[],"_links":{"self":[{"href":"https:\/\/carfree.fr\/index.php\/wp-json\/wp\/v2\/pages\/21"}],"collection":[{"href":"https:\/\/carfree.fr\/index.php\/wp-json\/wp\/v2\/pages"}],"about":[{"href":"https:\/\/carfree.fr\/index.php\/wp-json\/wp\/v2\/types\/page"}],"author":[{"embeddable":true,"href":"https:\/\/carfree.fr\/index.php\/wp-json\/wp\/v2\/users\/1390"}],"replies":[{"embeddable":true,"href":"https:\/\/carfree.fr\/index.php\/wp-json\/wp\/v2\/comments?post=21"}],"version-history":[{"count":0,"href":"https:\/\/carfree.fr\/index.php\/wp-json\/wp\/v2\/pages\/21\/revisions"}],"up":[{"embeddable":true,"href":"https:\/\/carfree.fr\/index.php\/wp-json\/wp\/v2\/pages\/40"}],"wp:featuredmedia":[{"embeddable":true,"href":"https:\/\/carfree.fr\/index.php\/wp-json\/wp\/v2\/media\/41942"}],"wp:attachment":[{"href":"https:\/\/carfree.fr\/index.php\/wp-json\/wp\/v2\/media?parent=21"}],"curies":[{"name":"wp","href":"https:\/\/api.w.org\/{rel}","templated":true}]}}