{"id":25,"date":"2008-02-26T10:51:44","date_gmt":"2008-02-26T09:51:44","guid":{"rendered":"http:\/\/carfree.fr\/index.php\/e-bulletin\/"},"modified":"2023-05-17T14:08:04","modified_gmt":"2023-05-17T13:08:04","slug":"e-bulletin","status":"publish","type":"page","link":"https:\/\/carfree.fr\/index.php\/a-propos\/e-bulletin\/","title":{"rendered":"E-Bulletin"},"content":{"rendered":"<p>Si vous voulez \u00eatre au courant des nouveaux articles publi\u00e9s sur CarFree France, une seule solution: l\u2019abonnement. En vous abonnant, vous recevez une alerte mail d\u00e8s qu&rsquo;un nouvel article est publi\u00e9 sur Carfree France. <!--more--><\/p>\n<p>Pour s&rsquo;abonner, il faut juste inscrire son adresse email dans le formulaire situ\u00e9 en bas de la page!<\/p>\n<p>Vous pouvez aussi vous abonner \u00e0 nos comptes <a href=\"https:\/\/twitter.com\/carfreefrance\" target=\"_blank\" rel=\"noopener\">Cartter<\/a> et <a href=\"https:\/\/www.facebook.com\/carfreefrance\" target=\"_blank\" rel=\"noopener\">Carbook<\/a> !<\/p>\n<p>Enfin si un article vous int\u00e9resse tout particuli\u00e8rement, et que vous souhaitez suivre les commentaires post\u00e9s par les visiteurs, rien de plus facile : ajoutez le <a title=\"http:\/\/feeds.feedburner.com\/CommentairesPourCarfreeFrance\" href=\"http:\/\/feeds.feedburner.com\/CommentairesPourCarfreeFrance\" target=\"_blank\" rel=\"noopener\">flux RSS des commentaires<\/a> \u00e0 votre lecteur\u2026<\/p>\n","protected":false},"excerpt":{"rendered":"<p>Si vous voulez \u00eatre au courant des nouveaux articles publi\u00e9s sur CarFree France, une seule solution: l\u2019abonnement. En vous abonnant, vous recevez une alerte mail d\u00e8s qu&rsquo;un nouvel article est <a class=\"more-link\" href=\"https:\/\/carfree.fr\/index.php\/a-propos\/e-bulletin\/\">Lire la suite&#8230;<\/a><\/p>\n","protected":false},"author":1390,"featured_media":41951,"parent":2,"menu_order":3,"comment_status":"open","ping_status":"closed","template":"","meta":[],"_links":{"self":[{"href":"https:\/\/carfree.fr\/index.php\/wp-json\/wp\/v2\/pages\/25"}],"collection":[{"href":"https:\/\/carfree.fr\/index.php\/wp-json\/wp\/v2\/pages"}],"about":[{"href":"https:\/\/carfree.fr\/index.php\/wp-json\/wp\/v2\/types\/page"}],"author":[{"embeddable":true,"href":"https:\/\/carfree.fr\/index.php\/wp-json\/wp\/v2\/users\/1390"}],"replies":[{"embeddable":true,"href":"https:\/\/carfree.fr\/index.php\/wp-json\/wp\/v2\/comments?post=25"}],"version-history":[{"count":0,"href":"https:\/\/carfree.fr\/index.php\/wp-json\/wp\/v2\/pages\/25\/revisions"}],"up":[{"embeddable":true,"href":"https:\/\/carfree.fr\/index.php\/wp-json\/wp\/v2\/pages\/2"}],"wp:featuredmedia":[{"embeddable":true,"href":"https:\/\/carfree.fr\/index.php\/wp-json\/wp\/v2\/media\/41951"}],"wp:attachment":[{"href":"https:\/\/carfree.fr\/index.php\/wp-json\/wp\/v2\/media?parent=25"}],"curies":[{"name":"wp","href":"https:\/\/api.w.org\/{rel}","templated":true}]}}