{"id":29928,"date":"2016-05-11T13:58:06","date_gmt":"2016-05-11T12:58:06","guid":{"rendered":"http:\/\/carfree.fr\/?page_id=29928"},"modified":"2019-03-22T12:07:19","modified_gmt":"2019-03-22T11:07:19","slug":"exces-de-vitesse","status":"publish","type":"page","link":"https:\/\/carfree.fr\/index.php\/exces-de-vitesse\/","title":{"rendered":"Exc\u00e8s de vitesse"},"content":{"rendered":"<p>Des exc\u00e8s de vitesse sup\u00e9rieurs \u00e0 40 ou m\u00eame 60 km\/h, des permis retir\u00e9s, des milliers d\u2019euros d\u2019amendes impay\u00e9es, les hommes politiques de la r\u00e9publique montrent l&rsquo;exemple&#8230; <!--more--><\/p>\n<p>Ce palmar\u00e8s regroupe seulement les exc\u00e8s de vitesse relat\u00e9s par la presse. Le classement refl\u00e8te l&rsquo;importance du d\u00e9passement par rapport \u00e0 la vitesse autoris\u00e9e.<\/p>\n<p><img decoding=\"async\" loading=\"lazy\" class=\"size-full wp-image-29951 alignleft\" src=\"http:\/\/carfree.fr\/img\/2016\/05\/macron.jpg\" alt=\"macron\" width=\"120\" height=\"120\" \/> <strong>1. Emmanuel Macron<\/strong> (ministre de l&rsquo;\u00e9conomie) le 2 septembre 2014: son chauffeur a \u00e9t\u00e9 contr\u00f4l\u00e9 \u00e0 plus de 200 km\/h sur l&rsquo;autoroute alors qu&rsquo;il roulait en direction de Saint-L\u00f4, soit un d\u00e9passement de 70 km\/h. Le conducteur z\u00e9l\u00e9 est donc reparti \u00e0 pied, tandis que le ministre a regagn\u00e9 la capitale dans une voiture de la pr\u00e9fecture&#8230;<\/p>\n<p><img decoding=\"async\" loading=\"lazy\" class=\"size-full wp-image-29952 alignleft\" src=\"http:\/\/carfree.fr\/img\/2016\/05\/francis-da-ros.jpg\" alt=\"francis-da-ros\" width=\"120\" height=\"120\" \/><\/p>\n<p>&nbsp;<\/p>\n<p><strong>2. Francis Da Ros<\/strong> (conseiller g\u00e9n\u00e9ral du canton de Houeill\u00e8s dans le Lot-et-Garonne) le 8 janvier 2014: 157 km\/h sur la Nationale 21 limit\u00e9e \u00e0 90 km\/h, soit un d\u00e9passement de 67 km\/h.<\/p>\n<p>&nbsp;<\/p>\n<p><img decoding=\"async\" loading=\"lazy\" class=\"size-full wp-image-29953 alignleft\" src=\"http:\/\/carfree.fr\/img\/2016\/05\/Jedrzejezyk.jpg\" alt=\"Jedrzejezyk\" width=\"120\" height=\"120\" \/><strong>3. Roland Jedrzejezyk<\/strong> (conseiller r\u00e9gional d&rsquo;Ile-de-France et conseiller g\u00e9n\u00e9ral de Morman) le 10 octobre 2002: 175 km\/h sur une portion de l&rsquo;autoroute A5 limit\u00e9e \u00e0 110, soit un d\u00e9passement de 65 km\/h.<\/p>\n<p>&nbsp;<\/p>\n<p>&nbsp;<\/p>\n<p><img decoding=\"async\" loading=\"lazy\" class=\"size-full wp-image-29954 alignleft\" src=\"http:\/\/carfree.fr\/img\/2016\/05\/Hennon.jpg\" alt=\"Hennon\" width=\"120\" height=\"120\" \/><strong>4. Jean-Louis Hennon<\/strong> (maire de Courcelles-Epayelles dans l&rsquo;Oise) le 15 mars 2014: 154 km\/h sur une d\u00e9partementale limit\u00e9e \u00e0 90 km\/h, soit un d\u00e9passement de 64 km\/h.<\/p>\n<p>&nbsp;<\/p>\n<p>&nbsp;<\/p>\n<p><img decoding=\"async\" loading=\"lazy\" class=\"size-full wp-image-29955 alignleft\" src=\"http:\/\/carfree.fr\/img\/2016\/05\/courson.jpg\" alt=\"courson\" width=\"120\" height=\"120\" \/><\/p>\n<p><strong>5. Charles-Am\u00e9d\u00e9e du Buisson de Courson<\/strong> (vice-pr\u00e9sident du conseil g\u00e9n\u00e9ral de la Marne) le 20 juin 2003: 108 km\/h sur une bretelle d&rsquo;acc\u00e8s \u00e0 Ch\u00e2lons-en-Champagne sur laquelle la vitesse est limit\u00e9e \u00e0 50 km\/h, soit un d\u00e9passement de 58 km\/h.<\/p>\n<p>&nbsp;<\/p>\n<p><img decoding=\"async\" loading=\"lazy\" class=\"size-full wp-image-29956 alignleft\" src=\"http:\/\/carfree.fr\/img\/2016\/05\/Bernard-Tapie.jpg\" alt=\"Bernard-Tapie\" width=\"120\" height=\"120\" \/><\/p>\n<p>&nbsp;<\/p>\n<p><strong>6. Bernard Tapie<\/strong> le 23 f\u00e9vrier 2016: 185 km\/h sur l&rsquo;autoroute A7, soit un d\u00e9passement de 55 km\/h.<\/p>\n<p>&nbsp;<\/p>\n<p><img decoding=\"async\" loading=\"lazy\" src=\"http:\/\/carfree.fr\/img\/2019\/03\/yves-bayon-de-noyer.jpg\" alt=\"\" width=\"120\" height=\"120\" class=\"alignnone size-full wp-image-41950 alignleft\" srcset=\"https:\/\/carfree.fr\/img\/2019\/03\/yves-bayon-de-noyer.jpg 120w, https:\/\/carfree.fr\/img\/2019\/03\/yves-bayon-de-noyer-50x50.jpg 50w\" sizes=\"(max-width: 120px) 100vw, 120px\" \/><\/p>\n<p>&nbsp;<\/p>\n<p><strong>7. Yvon Bayon de Noyer<\/strong> Sans permis, le maire du Thor a \u00e9t\u00e9 flash\u00e9 le 2 novembre 2018 \u00e0 133 km\/h au lieu de 80, soit un d\u00e9passement de 53 km\/h.<\/p>\n<p>&nbsp;<\/p>\n<p><img decoding=\"async\" loading=\"lazy\" class=\"size-full wp-image-29957 alignleft\" src=\"http:\/\/carfree.fr\/img\/2016\/05\/bertrand.jpg\" alt=\"bertrand\" width=\"120\" height=\"120\" \/><\/p>\n<p>&nbsp;<\/p>\n<p><strong>8. Xavier Bertrand<\/strong> le 5 mars 2010: 140 km\/h sur une route limit\u00e9e \u00e0 90 km\/h, soit un d\u00e9passement de 50 km\/h.<\/p>\n<p>&nbsp;<\/p>\n<p><img decoding=\"async\" loading=\"lazy\" class=\"size-full wp-image-29958 alignleft\" src=\"http:\/\/carfree.fr\/img\/2016\/05\/adnot_philippe.jpg\" alt=\"adnot_philippe\" width=\"120\" height=\"120\" \/><\/p>\n<p>&nbsp;<\/p>\n<p><strong>9. Philippe Adnot<\/strong>, s\u00e9nateur et pr\u00e9sident du conseil g\u00e9n\u00e9ral de l&rsquo;Aube le 15 d\u00e9cembre 2012: 140 km\/h sur une route limit\u00e9e \u00e0 90, soit un d\u00e9passement de 50 km\/h.<\/p>\n<p>&nbsp;<\/p>\n<p><img decoding=\"async\" loading=\"lazy\" class=\"alignnone size-full wp-image-38187 alignleft\" src=\"http:\/\/carfree.fr\/img\/2016\/05\/wauquiez.jpg\" alt=\"wauquiez\" width=\"120\" height=\"120\" srcset=\"https:\/\/carfree.fr\/img\/2016\/05\/wauquiez.jpg 120w, https:\/\/carfree.fr\/img\/2016\/05\/wauquiez-50x50.jpg 50w\" sizes=\"(max-width: 120px) 100vw, 120px\" \/><\/p>\n<p>&nbsp;<\/p>\n<p><strong>10. Laurent Wauquiez<\/strong>, pr\u00e9sident de la r\u00e9gion Auvergne-Rh\u00f4ne-Alpes: 160 km\/h sur une route limit\u00e9e \u00e0 110, soit un d\u00e9passement de 50 km\/h.<\/p>\n<p>&nbsp;<\/p>\n<p><img decoding=\"async\" loading=\"lazy\" class=\"size-full wp-image-29959 alignleft\" src=\"http:\/\/carfree.fr\/img\/2016\/05\/olivier_marleix.jpg\" alt=\"olivier_marleix\" width=\"120\" height=\"120\" \/><\/p>\n<p>&nbsp;<\/p>\n<p><strong>11. Olivier Marleix<\/strong> (vice-pr\u00e9sident du Conseil g\u00e9n\u00e9ral d&rsquo;Eure-et-Loir) le 28 janvier 2011: 119km\/h sur une route limit\u00e9e \u00e0 70, soit un d\u00e9passement de 49 km\/h.<\/p>\n<p>&nbsp;<\/p>\n<p><img decoding=\"async\" loading=\"lazy\" class=\"size-full wp-image-29960 alignleft\" src=\"http:\/\/carfree.fr\/img\/2016\/05\/jose-bose.jpg\" alt=\"jose-bose\" width=\"120\" height=\"120\" \/><\/p>\n<p>&nbsp;<\/p>\n<p><strong>12. Jos\u00e9 Bov\u00e9<\/strong> (d\u00e9put\u00e9 europ\u00e9en) en novembre 2009: 135km\/h au lieu de 90, dans l\u2019Aveyron sur la commune de Prades-Salars, soit un d\u00e9passement de 45 km\/h.<\/p>\n<p>&nbsp;<\/p>\n<p><img decoding=\"async\" loading=\"lazy\" class=\"size-full wp-image-29961 alignleft\" src=\"http:\/\/carfree.fr\/img\/2016\/05\/philippe.jpg\" alt=\"philippe\" width=\"120\" height=\"120\" \/><\/p>\n<p>&nbsp;<\/p>\n<p><strong>13. \u00c9douard Philippe<\/strong> (d\u00e9put\u00e9-maire du Havre) le 2 octobre 2015: 155 km\/h sur une portion de l\u2019autoroute A13 limit\u00e9e \u00e0 110 km\/h, soit un d\u00e9passement de 45 km\/h.<\/p>\n<p>&nbsp;<\/p>\n<p><img decoding=\"async\" loading=\"lazy\" class=\"size-full wp-image-29962 alignleft\" src=\"http:\/\/carfree.fr\/img\/2016\/05\/Jean-Paul-Huchon.jpg\" alt=\"Jean-Paul-Huchon\" width=\"120\" height=\"120\" \/><\/p>\n<p>&nbsp;<\/p>\n<p><strong>14. Jean-Paul Huchon<\/strong> (pr\u00e9sident du conseil r\u00e9gional d&rsquo;\u00cele-de-France) le 23 octobre 2011: 171 km\/h sur l&rsquo;autoroute A13, soit un d\u00e9passement de 41 km\/h.<\/p>\n<p>&nbsp;<\/p>\n<p><img decoding=\"async\" loading=\"lazy\" class=\"size-full wp-image-29963 alignleft\" src=\"http:\/\/carfree.fr\/img\/2016\/05\/marty.jpg\" alt=\"marty\" width=\"120\" height=\"120\" \/><\/p>\n<p>&nbsp;<\/p>\n<p><strong>15. Alain Marty<\/strong> (d\u00e9put\u00e9-maire de Sarrebourg en Moselle) le 1er juin 2015: 151 km\/h sur l\u2019autoroute A4 alors qu&rsquo;il pleuvait (limitation \u00e0 110 km\/h), soit un d\u00e9passement de 41 km\/h.<\/p>\n<p>&nbsp;<\/p>\n<p><img decoding=\"async\" loading=\"lazy\" class=\"size-full wp-image-29967 alignleft\" src=\"http:\/\/carfree.fr\/img\/2019\/02\/wargon.jpg\" alt=\"Wargon\" width=\"120\" height=\"120\" \/><\/p>\n<p>&nbsp;<\/p>\n<p><strong>16. Emmanuelle Wargon<\/strong> (Secr\u00e9taire d&rsquo;\u00c9tat aupr\u00e8s du ministre de la Transition \u00e9cologique et solidaire) le 21 f\u00e9vrier 2019: 150 km\/h sur l&rsquo;autoroute A1 dans les Hauts-de-France et ce alors que la vitesse, en raison d&rsquo;un pic de pollution, \u00e9tait limit\u00e9e \u00e0 110 km\/h, soit un d\u00e9passement de 40 km\/h.<\/p>\n<p>&nbsp;<\/p>\n<p><img decoding=\"async\" loading=\"lazy\" class=\"size-full wp-image-29968 alignleft\" src=\"http:\/\/carfree.fr\/img\/2016\/05\/Hortefeux-1.jpg\" alt=\"Hortefeux\" width=\"120\" height=\"120\" \/><\/p>\n<p>&nbsp;<\/p>\n<p><strong>17. Brice Hortefeux<\/strong> (d\u00e9put\u00e9 europ\u00e9en, ancien ministre de l&rsquo;int\u00e9rieur) le 1er mai 2016: 170 km\/h sur l&rsquo;autoroute A75, soit un d\u00e9passement de 40 km\/h.<\/p>\n<p>&nbsp;<\/p>\n<p><strong><img decoding=\"async\" loading=\"lazy\" class=\"size-full wp-image-29969 alignleft\" src=\"http:\/\/carfree.fr\/img\/2016\/05\/richard-1.jpg\" alt=\"richard\" width=\"120\" height=\"120\" \/><\/strong><\/p>\n<p>&nbsp;<\/p>\n<p><strong>18. Franck Thomas-Richard<\/strong> (conseiller g\u00e9n\u00e9ral du canton de Bourges-2) le 20 mars 2002: 150km\/h sur une route d\u00e9partementale limit\u00e9e \u00e0 110Km\/h, soit un d\u00e9passement de 40 km\/h.<\/p>\n<p>&nbsp;<\/p>\n<p><img decoding=\"async\" loading=\"lazy\" class=\"size-full wp-image-29966 alignleft\" src=\"http:\/\/carfree.fr\/img\/2016\/05\/marc-antoine_jamet.jpg\" alt=\"marc-antoine_jamet\" width=\"120\" height=\"120\" \/><\/p>\n<p>&nbsp;<\/p>\n<p><strong>19. Marc-Antoine Jamet<\/strong> (vice-pr\u00e9sident de la R\u00e9gion Haute-Normandie) le 26 novembre 2011: 160 km\/h au lieu de 130, soit un d\u00e9passement de 30 km\/h.<\/p>\n<p>&nbsp;<\/p>\n<p><img decoding=\"async\" loading=\"lazy\" class=\"size-full wp-image-29967 alignleft\" src=\"http:\/\/carfree.fr\/img\/2016\/05\/juppe.jpg\" alt=\"juppe\" width=\"120\" height=\"120\" \/><\/p>\n<p>&nbsp;<\/p>\n<p><strong>20. Alain Jupp\u00e9<\/strong> en mars 2004: 105 km\/h sur la route nationale reliant Bordeaux \u00e0 Bayonne et limit\u00e9e \u00e0 90 km\/h, soit un d\u00e9passement de 15 km\/h.<\/p>\n<p>&nbsp;<\/p>\n<p><strong>Hors Cat\u00e9gorie<\/strong><\/p>\n<p>Certains cas ont d\u00e9fray\u00e9 la chronique judiciaire ou m\u00e9diatique et ne peuvent se r\u00e9sumer \u00e0 une seule infraction.<\/p>\n<p><img decoding=\"async\" loading=\"lazy\" class=\"size-full wp-image-29970 alignleft\" src=\"http:\/\/carfree.fr\/img\/2016\/05\/Jean-Vincent-Place.jpg\" alt=\"Jean-Vincent-Place\" width=\"120\" height=\"120\" \/>En 2013, Jean-Vincent Plac\u00e9, ancien conseiller r\u00e9gional (\u00e9cologiste!) d&rsquo;Ile-de-France est mis en demeure par le Conseil r\u00e9gional de payer 18.161 euros \u00e0 la suite d&rsquo;une centaine d&rsquo;infractions routi\u00e8res (stationnements g\u00eanants et exc\u00e8s de vitesse) datant d&rsquo;avant 2010.<\/p>\n<p>&nbsp;<\/p>\n<p><img decoding=\"async\" loading=\"lazy\" class=\"size-full wp-image-29971 alignleft\" src=\"http:\/\/carfree.fr\/img\/2016\/05\/Marine-Le-Pen.jpg\" alt=\"Marine-Le-Pen\" width=\"120\" height=\"120\" \/><\/p>\n<p>Apr\u00e8s une s\u00e9rie d&rsquo;exc\u00e8s de vitesse, Marine Le Pen a perdu tous ses points et donc son permis de conduire en 2012, a r\u00e9v\u00e9l\u00e9 Le Canard encha\u00een\u00e9 en septembre 2014.<\/p>\n<p>&nbsp;<\/p>\n<p><img decoding=\"async\" loading=\"lazy\" class=\"size-full wp-image-29972 alignleft\" src=\"http:\/\/carfree.fr\/img\/2016\/05\/Nicolas_Sarkozy.jpg\" alt=\"Nicolas_Sarkozy\" width=\"120\" height=\"120\" \/><\/p>\n<p>Durant la campagne pr\u00e9sidentielle de 2007, des journalistes d&rsquo;Auto Hebdo avaient suivi les candidats \u00e0 l&rsquo;\u00e9lection. Nicolas Sarkozy avait \u00e9t\u00e9 suivi \u00e0 190 km\/h sur une autoroute, Jean-Marie Le Pen \u00e0 185 km\/h, tandis que Fran\u00e7ois Bayrou avait \u00e9t\u00e9 surpris \u00e0 120 km\/h sur une voie limit\u00e9e \u00e0 70 km\/h. S\u00e9gol\u00e8ne Royal s&rsquo;\u00e9tait elle fait pi\u00e9ger \u00e0 158 km\/h sur une double voie limit\u00e9 \u00e0 110 km\/h.<\/p>\n<p>En pleine campagne de lancement des nouveaux radars automatiques, les ministres Gilles de Robien (Transports) et Nicolas Sarkozy (Int\u00e9rieur) ont \u00e9t\u00e9 \u00ab\u00a0surpris en flagrant d\u00e9lit d&rsquo;exc\u00e8s de vitesse\u00a0\u00bb affirme en novembre 2003 le magazine \u00ab\u00a0Auto-plus\u00a0\u00bb. A l&rsquo;aide d&rsquo;un radar-laser, les \u00ab\u00a0enqu\u00eateurs\u00a0\u00bb de l&rsquo;hebdomadaire auraient ainsi contr\u00f4l\u00e9 la voiture de Gilles de Robien \u00e0 98km\/h et celle de Nicolas Sarkozy \u00e0 103km\/h sur une portion de route \u00e0 deux fois deux voies o\u00f9 la vitesse est limit\u00e9e \u00e0 70km\/h.<\/p>\n<p>Des journalistes du quotidien L\u2019Ind\u00e9pendant, situ\u00e9 \u00e0 Perpignan, ont surpris Nicolas Sarkozy, \u00e0 l&rsquo;\u00e9poque ministre de l&rsquo;int\u00e9rieur, le 25 novembre 2002 sur l\u2019A9, \u00e0 bord d\u2019une voiture du minist\u00e8re circulant \u00e0 pr\u00e8s de 200 km\/h. Dans leurs voitures, les journalistes, qui roulaient \u00e0 pr\u00e8s de 175 km\/h, n\u2019ont pas r\u00e9ussi \u00e0 suivre le convoi minist\u00e9riel.<\/p>\n","protected":false},"excerpt":{"rendered":"<p>Des exc\u00e8s de vitesse sup\u00e9rieurs \u00e0 40 ou m\u00eame 60 km\/h, des permis retir\u00e9s, des milliers d\u2019euros d\u2019amendes impay\u00e9es, les hommes politiques de la r\u00e9publique montrent l&rsquo;exemple&#8230;<\/p>\n","protected":false},"author":1390,"featured_media":30417,"parent":0,"menu_order":0,"comment_status":"closed","ping_status":"closed","template":"","meta":[],"_links":{"self":[{"href":"https:\/\/carfree.fr\/index.php\/wp-json\/wp\/v2\/pages\/29928"}],"collection":[{"href":"https:\/\/carfree.fr\/index.php\/wp-json\/wp\/v2\/pages"}],"about":[{"href":"https:\/\/carfree.fr\/index.php\/wp-json\/wp\/v2\/types\/page"}],"author":[{"embeddable":true,"href":"https:\/\/carfree.fr\/index.php\/wp-json\/wp\/v2\/users\/1390"}],"replies":[{"embeddable":true,"href":"https:\/\/carfree.fr\/index.php\/wp-json\/wp\/v2\/comments?post=29928"}],"version-history":[{"count":0,"href":"https:\/\/carfree.fr\/index.php\/wp-json\/wp\/v2\/pages\/29928\/revisions"}],"wp:featuredmedia":[{"embeddable":true,"href":"https:\/\/carfree.fr\/index.php\/wp-json\/wp\/v2\/media\/30417"}],"wp:attachment":[{"href":"https:\/\/carfree.fr\/index.php\/wp-json\/wp\/v2\/media?parent=29928"}],"curies":[{"name":"wp","href":"https:\/\/api.w.org\/{rel}","templated":true}]}}