{"id":3744,"date":"2009-07-16T14:00:49","date_gmt":"2009-07-16T13:00:49","guid":{"rendered":"http:\/\/carfree.fr\/?page_id=3744"},"modified":"2014-07-08T19:14:59","modified_gmt":"2014-07-08T18:14:59","slug":"palmares-de-laltermobilite-2009","status":"publish","type":"page","link":"https:\/\/carfree.fr\/index.php\/palmares-de-laltermobilite-2009\/","title":{"rendered":"Palmar\u00e8s de l&rsquo;altermobilit\u00e9 2009"},"content":{"rendered":"<p><img decoding=\"async\" loading=\"lazy\" class=\"alignnone size-full wp-image-3653\" title=\"palmares-altermobilite-2009\" src=\"http:\/\/carfree.fr\/images\/palmares-altermobilite-2009.jpg\" alt=\"palmares-altermobilite-2009\" width=\"420\" height=\"200\" \/><\/p>\n<p>Apr\u00e8s avoir d\u00e9cern\u00e9 r\u00e9cemment le <a title=\"http:\/\/carfree.fr\/index.php\/2009\/05\/07\/le-bagnolo-trophee-2009-est-attribue-a-la-ville-de-toulon\/\" href=\"http:\/\/carfree.fr\/index.php\/2009\/05\/07\/le-bagnolo-trophee-2009-est-attribue-a-la-ville-de-toulon\/\" target=\"_self\">bagnolo-troph\u00e9e 2009<\/a>, <a title=\"http:\/\/carfree.fr\/\" href=\"http:\/\/carfree.fr\/\" target=\"_self\">Carfree France<\/a> propose le palmar\u00e8s de l&rsquo;altermobilit\u00e9 2009. Ce palmar\u00e8s a pour fonction de mettre en valeur les villes les plus favorables aux alternatives \u00e0 l&rsquo;automobile. Les agglom\u00e9rations de Besan\u00e7on, Bordeaux et Avignon occupent les trois premi\u00e8res places de l&rsquo;\u00e9dition 2009 de ce palmar\u00e8s de l&rsquo;altermobilit\u00e9.<!--more--><\/p>\n<p>Le palmar\u00e8s de l&rsquo;altermobilit\u00e9 est un indicateur composite prenant en compte l&rsquo;offre de transports publics \u00e0 partir du nombre de lignes de bus pour 10.000 habitants (au sein des p\u00e9rim\u00e8tres de transports urbains) et du nombre de kilom\u00e8tres de Transports en Commun en Site Propre pour 10.000 habitants (M\u00e9tro, tramway, Bus \u00e0 Haut Niveau de Service ou BHNS). L&rsquo;indicateur tient \u00e9galement compte du nombre de kilom\u00e8tres d&rsquo;am\u00e9nagements cyclables (pistes cyclables, bandes cyclables et itin\u00e9raires cyclables) pour 10.000 habitants au sein des agglom\u00e9rations.<\/p>\n<p>Seules les agglom\u00e9rations fran\u00e7aises de plus de 100.000 habitants ont \u00e9t\u00e9 retenues dans le calcul de l&rsquo;indicateur pour des raisons de disponibilit\u00e9 des sources d&rsquo;information.<\/p>\n<p>Sur l&rsquo;ensemble des agglom\u00e9rations de plus de 100.000 habitants, les villes de Besan\u00e7on, Bordeaux, Avignon, La Rochelle, Nantes, Grenoble, Tours et Strasbourg occupent les 8 premi\u00e8res places avec une moyenne d\u00e9passant 10\/20.<\/p>\n<p>Concernant l&rsquo;offre de bus, les villes de Besan\u00e7on, N\u00eemes et Valence arrivent en t\u00eate du classement. Pour ce qui concerne l&rsquo;offre de Transports en Commun en Site Propre, les villes de Montpellier, Strasbourg et Paris occupent les trois premi\u00e8res places. En ce qui concerne l&rsquo;offre cyclable, La Rochelle, Tours et Bordeaux arrivent en t\u00eate.<\/p>\n<p>Tout indicateur est forc\u00e9ment imparfait et sujet \u00e0 discussion. En l&rsquo;occurence, nous aurions souhait\u00e9 int\u00e9grer l&rsquo;offre d&rsquo;am\u00e9nagements pi\u00e9tonniers, exprim\u00e9e par exemple en nombre de kilom\u00e8tres de rues pi\u00e9tonnes pour 10.000 habitants, mais nous n&rsquo;avons pas pu trouver une base de donn\u00e9es de ce type pour les 50 plus grandes agglom\u00e9rations fran\u00e7aises.<\/p>\n<p>Merci de nous aider \u00e0 am\u00e9liorer cet indicateur: sources de donn\u00e9es, id\u00e9es d&rsquo;indicateurs, etc.<\/p>\n<p><a href=\"http:\/\/carfree.fr\/images\/altermobilite-1.jpg\"><img decoding=\"async\" loading=\"lazy\" class=\"alignnone size-full wp-image-8126\" title=\"altermobilite-1\" src=\"http:\/\/carfree.fr\/images\/altermobilite-1.jpg\" alt=\"\" width=\"420\" height=\"804\" \/><\/a><br \/>\n<a href=\"http:\/\/carfree.fr\/images\/altermobilite-2.jpg\"><img decoding=\"async\" loading=\"lazy\" class=\"alignnone size-full wp-image-8127\" title=\"altermobilite-2\" src=\"http:\/\/carfree.fr\/images\/altermobilite-2.jpg\" alt=\"\" width=\"420\" height=\"464\" \/><\/a><\/p>\n<p>Source: <a title=\"http:\/\/carfree.fr\" href=\"http:\/\/carfree.fr\" target=\"_self\">Carfree France<\/a><strong><br \/>\n<\/strong><\/p>\n","protected":false},"excerpt":{"rendered":"<p>Apr\u00e8s avoir d\u00e9cern\u00e9 r\u00e9cemment le bagnolo-troph\u00e9e 2009, Carfree France propose le palmar\u00e8s de l&rsquo;altermobilit\u00e9 2009. Ce palmar\u00e8s a pour fonction de mettre en valeur les villes les plus favorables aux <a class=\"more-link\" href=\"https:\/\/carfree.fr\/index.php\/palmares-de-laltermobilite-2009\/\">Lire la suite&#8230;<\/a><\/p>\n","protected":false},"author":1390,"featured_media":3653,"parent":0,"menu_order":0,"comment_status":"open","ping_status":"open","template":"","meta":[],"_links":{"self":[{"href":"https:\/\/carfree.fr\/index.php\/wp-json\/wp\/v2\/pages\/3744"}],"collection":[{"href":"https:\/\/carfree.fr\/index.php\/wp-json\/wp\/v2\/pages"}],"about":[{"href":"https:\/\/carfree.fr\/index.php\/wp-json\/wp\/v2\/types\/page"}],"author":[{"embeddable":true,"href":"https:\/\/carfree.fr\/index.php\/wp-json\/wp\/v2\/users\/1390"}],"replies":[{"embeddable":true,"href":"https:\/\/carfree.fr\/index.php\/wp-json\/wp\/v2\/comments?post=3744"}],"version-history":[{"count":0,"href":"https:\/\/carfree.fr\/index.php\/wp-json\/wp\/v2\/pages\/3744\/revisions"}],"wp:featuredmedia":[{"embeddable":true,"href":"https:\/\/carfree.fr\/index.php\/wp-json\/"}],"wp:attachment":[{"href":"https:\/\/carfree.fr\/index.php\/wp-json\/wp\/v2\/media?parent=3744"}],"curies":[{"name":"wp","href":"https:\/\/api.w.org\/{rel}","templated":true}]}}