{"id":38208,"date":"2016-11-25T16:31:43","date_gmt":"2016-11-25T15:31:43","guid":{"rendered":"http:\/\/carfree.fr\/?page_id=38208"},"modified":"2024-12-11T13:40:03","modified_gmt":"2024-12-11T12:40:03","slug":"dons","status":"publish","type":"page","link":"https:\/\/carfree.fr\/index.php\/ressources\/dons\/","title":{"rendered":"Dons"},"content":{"rendered":"<p>La vie du site Carfree repose sur le b\u00e9n\u00e9volat, mais il y a quand m\u00eame des frais li\u00e9s au fonctionnement du site internet (paiement annuel du nom de domaine, frais divers, etc.). Votre don permet de financer le fonctionnement du site Carfree France pour nous permettre de maintenir cet espace de libert\u00e9.<\/p>\n<p>Vous pouvez nous aider en faisant un don ponctuel ou un don mensuel du montant de votre choix \u00e0 Carfree France de mani\u00e8re compl\u00e8tement s\u00e9curis\u00e9e, que ce soit par PayPal, carte bancaire Visa, MasterCard, etc.<\/p>\n<p>Merci \u00e0 vous !<\/p>\n<!-- Begin PayPal Donations by https:\/\/www.tipsandtricks-hq.com\/paypal-donations-widgets-plugin --> <form action=\"https:\/\/www.paypal.com\/cgi-bin\/webscr\" method=\"post\" target=\"_blank\"> <div class=\"paypal-donations\"> <input type=\"hidden\" name=\"cmd\" value=\"_donations\" \/> <input type=\"hidden\" name=\"bn\" value=\"TipsandTricks_SP\" \/> <input type=\"hidden\" name=\"business\" value=\"carfree@free.fr\" \/> <input type=\"hidden\" name=\"return\" value=\"http:\/\/carfree.fr\/\" \/> <input type=\"hidden\" name=\"item_name\" value=\"Merci de votre soutien!\" \/> <input type=\"hidden\" name=\"item_number\" value=\"Carfree France\" \/> <input type=\"hidden\" name=\"rm\" value=\"0\" \/> <input type=\"hidden\" name=\"currency_code\" value=\"EUR\" \/> <input type=\"hidden\" name=\"lc\" value=\"FR\" \/> <input type=\"image\" style=\"cursor: pointer;\" src=\"http:\/\/carfree.fr\/img\/2021\/12\/faire-un-don.jpg\" name=\"submit\" alt=\"PayPal - The safer, easier way to pay online.\" \/> <img alt=\"\" src=\"https:\/\/www.paypalobjects.com\/en_US\/i\/scr\/pixel.gif\" width=\"1\" height=\"1\" \/> <\/div> <\/form> <!-- End PayPal Donations -->\n","protected":false},"excerpt":{"rendered":"<p>La vie du site Carfree repose sur le b\u00e9n\u00e9volat, mais il y a quand m\u00eame des frais li\u00e9s au fonctionnement du site internet (paiement annuel du nom de domaine, frais <a class=\"more-link\" href=\"https:\/\/carfree.fr\/index.php\/ressources\/dons\/\">Lire la suite&#8230;<\/a><\/p>\n","protected":false},"author":1390,"featured_media":0,"parent":40,"menu_order":0,"comment_status":"closed","ping_status":"closed","template":"","meta":[],"_links":{"self":[{"href":"https:\/\/carfree.fr\/index.php\/wp-json\/wp\/v2\/pages\/38208"}],"collection":[{"href":"https:\/\/carfree.fr\/index.php\/wp-json\/wp\/v2\/pages"}],"about":[{"href":"https:\/\/carfree.fr\/index.php\/wp-json\/wp\/v2\/types\/page"}],"author":[{"embeddable":true,"href":"https:\/\/carfree.fr\/index.php\/wp-json\/wp\/v2\/users\/1390"}],"replies":[{"embeddable":true,"href":"https:\/\/carfree.fr\/index.php\/wp-json\/wp\/v2\/comments?post=38208"}],"version-history":[{"count":0,"href":"https:\/\/carfree.fr\/index.php\/wp-json\/wp\/v2\/pages\/38208\/revisions"}],"up":[{"embeddable":true,"href":"https:\/\/carfree.fr\/index.php\/wp-json\/wp\/v2\/pages\/40"}],"wp:attachment":[{"href":"https:\/\/carfree.fr\/index.php\/wp-json\/wp\/v2\/media?parent=38208"}],"curies":[{"name":"wp","href":"https:\/\/api.w.org\/{rel}","templated":true}]}}