{"id":39690,"date":"2018-06-01T18:37:50","date_gmt":"2018-06-01T17:37:50","guid":{"rendered":"http:\/\/carfree.fr\/?page_id=39690"},"modified":"2025-04-01T13:55:37","modified_gmt":"2025-04-01T12:55:37","slug":"mentions-legales","status":"publish","type":"page","link":"https:\/\/carfree.fr\/index.php\/mentions-legales\/","title":{"rendered":"Mentions l\u00e9gales"},"content":{"rendered":"<p><strong>Directeur de la Publication :<\/strong><br \/>\nLe pr\u00e9sent blog est \u00e9dit\u00e9 \u00e0 titre non professionnel par <a href=\"http:\/\/marcello.robert.free.fr\/\">Marcel Robert<\/a>. Pour contacter le directeur de la publication, merci d&rsquo;utiliser la page <a href=\"http:\/\/carfree.fr\/index.php\/contact\/\">Contact<\/a> destin\u00e9e \u00e0 cet effet.<\/p>\n<p><strong>Raison Sociale de l\u2019H\u00e9bergeur :<\/strong><br \/>\n<a href=\"https:\/\/www.gandi.net\/en\" target=\"_blank\" rel=\"noopener\">https:\/\/www.gandi.net<\/a><\/p>\n<p>Gandi SAS<br \/>\n63, 65 Boulevard Massena<br \/>\n75013 Paris<br \/>\nFrance<br \/>\nRCS Paris B. 423 093 459<br \/>\nSIRET 423 093 459 00042<br \/>\nAPE 6311Z<br \/>\nSAS dont le capital est de 800,000 Euros<br \/>\nNum\u00e9ro de TVA FR81423093459<br \/>\nT\u00e9l\u00e9phone : +33170377661<br \/>\nFax : +33170377860<\/p>\n<p><strong>Avertissement g\u00e9n\u00e9ral<\/strong><br \/>\nLa consultation du blog <a href=\"http:\/\/carfree.fr\" target=\"_blank\" rel=\"noopener\">http:\/\/carfree.fr<\/a> est propos\u00e9e aux internautes \u00e0 titre gratuit et sans aucune garantie de la part de son \u00e9diteur.<\/p>\n<p>Les informations disponibles sur le blog <a href=\"http:\/\/carfree.fr\" target=\"_blank\" rel=\"noopener\">http:\/\/carfree.fr<\/a> qui proviennent de sources ext\u00e9rieures ne sauraient \u00eatre garanties comme exemptes d\u2019erreurs. De m\u00eame, le blog <a href=\"http:\/\/carfree.fr\" target=\"_blank\" rel=\"noopener\">http:\/\/carfree.fr<\/a> ne garantit pas la compl\u00e9tude, l&rsquo;actualit\u00e9 ou l&rsquo;exhaustivit\u00e9 des informations mises \u00e0 disposition des internautes.<\/p>\n<p>En cons\u00e9quence, il appartient \u00e0 l\u2019internaute d\u2019utiliser les informations figurant sur le site Internet \u00e0 ses risques et de proc\u00e9der \u00e0 toute v\u00e9rification sous sa responsabilit\u00e9 exclusive.<\/p>\n<p>Le blog <a href=\"http:\/\/carfree.fr\" target=\"_blank\" rel=\"noopener\">http:\/\/carfree.fr<\/a> ne serait \u00eatre tenu responsable de l\u2019interpr\u00e9tation faite par les internautes, quelle qu\u2019elle soit, de tous les renseignements, informations et conseils propos\u00e9s sur son blog, et des cons\u00e9quences pouvant en d\u00e9couler.<\/p>\n<p>Carfree ne serait \u00eatre tenu responsable de tous probl\u00e8mes rencontr\u00e9s sur un site consult\u00e9 \u00e0 partir de <a href=\"http:\/\/carfree.fr\" target=\"_blank\" rel=\"noopener\">http:\/\/carfree.fr<\/a>.<\/p>\n<p><strong>Propri\u00e9t\u00e9 intellectuelle<\/strong><br \/>\nTous les contenus propos\u00e9s sur le site Carfree sont sous licence <a href=\"http:\/\/creativecommons.fr\/\" target=\"_blank\" rel=\"noopener\">Creative Commons<\/a> BY-NC-SA (Attribution + Utilisation Non Commerciale + Partage dans les m\u00eames conditions): Le titulaire des droits autorise l\u2019exploitation de l\u2019\u0153uvre originale \u00e0 des fins non commerciales, ainsi que la cr\u00e9ation d\u2019\u0153uvres d\u00e9riv\u00e9es, \u00e0 condition qu\u2019elles soient distribu\u00e9es sous une licence identique \u00e0 celle qui prot\u00e8ge l\u2019\u0153uvre originale.<\/p>\n<p><strong>Commentaires<\/strong><br \/>\nLe site Carfree offre la possibilit\u00e9 aux internautes de publier des commentaires sur les articles les plus r\u00e9cents. Le trolling, le flooding, les commentaires hors-sujet, les insultes, propos d\u00e9gradants ou m\u00e9prisants sont proscrits et les commentaires ne respectant pas cette r\u00e8gle seront rejet\u00e9s.<\/p>\n<p><strong>Utilisation des donn\u00e9es personnelles collect\u00e9es<\/strong><br \/>\nQuand vous laissez un commentaire sur notre site web, les donn\u00e9es inscrites dans le formulaire de commentaire, mais aussi votre adresse IP et l\u2019agent utilisateur de votre navigateur sont collect\u00e9s pour nous aider \u00e0 la d\u00e9tection des commentaires ind\u00e9sirables.<\/p>\n<p>Une cha\u00eene anonymis\u00e9e cr\u00e9\u00e9e \u00e0 partir de votre adresse de messagerie (\u00e9galement appel\u00e9e hash) peut \u00eatre envoy\u00e9e au service Gravatar pour v\u00e9rifier si vous utilisez ce dernier. Les clauses de confidentialit\u00e9 du service Gravatar sont disponibles ici : <a href=\"https:\/\/automattic.com\/privacy\/\" target=\"_blank\" rel=\"noopener\">https:\/\/automattic.com\/privacy\/<\/a>. Apr\u00e8s validation de votre commentaire, votre photo de profil sera visible publiquement \u00e0 cot\u00e9 de votre commentaire.<\/p>\n<p><strong>Utilisation de Cookies<\/strong><br \/>\nSi vous d\u00e9posez un commentaire sur notre site, il vous sera propos\u00e9 d\u2019enregistrer votre nom, adresse de messagerie et site web dans des cookies. C\u2019est uniquement pour votre confort afin de ne pas avoir \u00e0 saisir ces informations si vous d\u00e9posez un autre commentaire plus tard. Ces cookies expirent au bout d\u2019un an.<\/p>\n<p>Si vous avez un compte et que vous vous connectez sur ce site, un cookie temporaire sera cr\u00e9\u00e9 afin de d\u00e9terminer si votre navigateur accepte les cookies. Il ne contient pas de donn\u00e9es personnelles et sera supprim\u00e9 automatiquement \u00e0 la fermeture de votre navigateur.<\/p>\n<p>Lorsque vous vous connecterez, nous mettrons en place un certain nombre de cookies pour enregistrer vos informations de connexion et vos pr\u00e9f\u00e9rences d\u2019\u00e9cran. La dur\u00e9e de vie d\u2019un cookie de connexion est de deux jours, celle d\u2019un cookie d\u2019option d\u2019\u00e9cran est d\u2019un an. Si vous cochez \u00ab Se souvenir de moi \u00bb, votre cookie de connexion sera conserv\u00e9 pendant deux semaines. Si vous vous d\u00e9connectez de votre compte, le cookie de connexion sera effac\u00e9.<\/p>\n<p>En modifiant ou en publiant un article, un cookie suppl\u00e9mentaire sera enregistr\u00e9 dans votre navigateur. Ce cookie ne comprend aucune donn\u00e9e personnelle. Il indique simplement l\u2019ID de l\u2019article que vous venez de modifier. Il expire au bout d\u2019un jour.<\/p>\n<p><strong>Dur\u00e9es de stockage de vos donn\u00e9es<\/strong><br \/>\nSi vous laissez un commentaire, le commentaire et ses m\u00e9tadonn\u00e9es sont conserv\u00e9s ind\u00e9finiment.<\/p>\n<p>Pour les utilisateurs et utilisatrices qui s\u2019enregistrent sur notre site, nous stockons \u00e9galement les donn\u00e9es personnelles indiqu\u00e9es dans leur profil. Tous les utilisateurs et utilisatrices peuvent voir, modifier ou supprimer leurs informations personnelles \u00e0 tout moment (\u00e0 l\u2019exception de leur nom d\u2019utilisateur\u00b7ice). Les gestionnaires du site peuvent aussi voir et modifier ces informations.<\/p>\n<p><strong>Les droits que vous avez sur vos donn\u00e9es<\/strong><br \/>\nSi vous avez un compte ou si vous avez laiss\u00e9 des commentaires sur le site, vous pouvez demander \u00e0 recevoir un fichier contenant toutes les donn\u00e9es personnelles que nous poss\u00e9dons \u00e0 votre sujet, incluant celles que vous nous avez fournies. Vous pouvez \u00e9galement demander la suppression des donn\u00e9es personnelles vous concernant. Cela ne prend pas en compte les donn\u00e9es stock\u00e9es \u00e0 des fins administratives, l\u00e9gales ou pour des raisons de s\u00e9curit\u00e9.<\/p>\n","protected":false},"excerpt":{"rendered":"<p>Directeur de la Publication : Le pr\u00e9sent blog est \u00e9dit\u00e9 \u00e0 titre non professionnel par Marcel Robert. Pour contacter le directeur de la publication, merci d&rsquo;utiliser la page Contact destin\u00e9e <a class=\"more-link\" href=\"https:\/\/carfree.fr\/index.php\/mentions-legales\/\">Lire la suite&#8230;<\/a><\/p>\n","protected":false},"author":1390,"featured_media":0,"parent":0,"menu_order":0,"comment_status":"closed","ping_status":"closed","template":"","meta":[],"_links":{"self":[{"href":"https:\/\/carfree.fr\/index.php\/wp-json\/wp\/v2\/pages\/39690"}],"collection":[{"href":"https:\/\/carfree.fr\/index.php\/wp-json\/wp\/v2\/pages"}],"about":[{"href":"https:\/\/carfree.fr\/index.php\/wp-json\/wp\/v2\/types\/page"}],"author":[{"embeddable":true,"href":"https:\/\/carfree.fr\/index.php\/wp-json\/wp\/v2\/users\/1390"}],"replies":[{"embeddable":true,"href":"https:\/\/carfree.fr\/index.php\/wp-json\/wp\/v2\/comments?post=39690"}],"version-history":[{"count":0,"href":"https:\/\/carfree.fr\/index.php\/wp-json\/wp\/v2\/pages\/39690\/revisions"}],"wp:attachment":[{"href":"https:\/\/carfree.fr\/index.php\/wp-json\/wp\/v2\/media?parent=39690"}],"curies":[{"name":"wp","href":"https:\/\/api.w.org\/{rel}","templated":true}]}}