{"id":40,"date":"2008-02-28T16:16:20","date_gmt":"2008-02-28T15:16:20","guid":{"rendered":"http:\/\/carfree.fr\/index.php\/ressources\/"},"modified":"2026-02-13T09:01:28","modified_gmt":"2026-02-13T08:01:28","slug":"ressources","status":"publish","type":"page","link":"https:\/\/carfree.fr\/index.php\/ressources\/","title":{"rendered":"Ressources"},"content":{"rendered":"<p><strong>Centre de Ressources CarFree<\/strong><\/p>\n<p>La <a title=\"http:\/\/carfree.fr\/index.php\/a-propos\/charte\/\" href=\"http:\/\/carfree.fr\/index.php\/a-propos\/charte\/\" target=\"_blank\" rel=\"noopener\">Charte du r\u00e9seau mondial Carfree<\/a> d\u00e9finit les cadres de nos id\u00e9es et objectifs.<\/p>\n<p>La <a title=\"Galerie d'images CarFree\" href=\"http:\/\/carfree.fr\/index.php\/telechargement\/images\/\">Galerie d&rsquo;images CarFree<\/a> propose en visualisation et en t\u00e9l\u00e9chargement haute r\u00e9solution de nombreuses images provenant du r\u00e9seau mondial sans voitures.<\/p>\n<p>Les <a title=\"Campagne de communication carfree\" href=\"https:\/\/www.flickr.com\/photos\/carfree\/\" target=\"_blank\" rel=\"noopener\">campagnes de communication<\/a> Carfree sous forme d&rsquo;affiches \u00e0 t\u00e9l\u00e9charger sur Flickr.<\/p>\n<p>Tous les <a title=\"http:\/\/carfree.fr\/index.php\/telechargement\/tracts\/\" href=\"http:\/\/carfree.fr\/index.php\/telechargement\/tracts\/\" target=\"_self\" rel=\"noopener\">tracts et affiches propos\u00e9s par Carfree France<\/a> en t\u00e9l\u00e9chargement gratuit.<\/p>\n<p>La section <a title=\"http:\/\/carfree.fr\/index.php\/telechargement\/livres\/\" href=\"http:\/\/carfree.fr\/index.php\/telechargement\/livres\/\" target=\"_self\" rel=\"noopener\">Livres <\/a>qui propose gratuitement les ouvrages \u00e9dit\u00e9s par CarFree France au format pdf ou en consultation internet.<\/p>\n<p>Une s\u00e9lection de tee-shirts Carfree <a href=\"https:\/\/carfree.tunetoo.com\" rel=\"noopener\" target=\"_blank\">dans notre boutique<\/a>.<\/p>\n<p>Une <a title=\"Bibliographie\" href=\"http:\/\/carfree.fr\/index.php\/ressources\/bibliographie\/\">bibliographie d\u00e9taill\u00e9e<\/a> d&rsquo;ouvrages en langue fran\u00e7aise sur le mouvement CarFree en g\u00e9n\u00e9ral et sur la critique du syst\u00e8me automobile.<\/p>\n<p>Le mini-site de la Journ\u00e9e sans voitures: <a title=\"http:\/\/journeesansvoitures.wordpress.com\/\" href=\"https:\/\/journeesansvoitures.wordpress.com\/\" target=\"_blank\" rel=\"noopener\">http:\/\/journeesansvoitures.wordpress.com\/<\/a><\/p>\n<p>Le groupe Carfree France sur <a title=\"http:\/\/www.facebook.com\/carfreefrance\" href=\"http:\/\/www.facebook.com\/carfreefrance\" target=\"_blank\" rel=\"noopener\">Facebook<\/a>.<\/p>\n<p>La page <a href=\"https:\/\/twitter.com\/carfreefrance\" target=\"_blank\" rel=\"noopener\">Twitter<\/a> de Carfree France.<\/p>\n<p>Une page de <a title=\"Liens\" href=\"http:\/\/carfree.fr\/index.php\/ressources\/liens\/\">liens<\/a> vers l&rsquo;ensemble des sites du r\u00e9seau mondial sans voiture.<\/p>\n<p><a title=\"https:\/\/fr.wikipedia.org\/wiki\/Carfree\" href=\"https:\/\/fr.wikipedia.org\/wiki\/Carfree\" target=\"_blank\" rel=\"noopener\">Carfree sur Wikip\u00e9dia!<\/a><\/p>\n<p><strong>Les autres mouvements que nous soutenons <\/strong><\/p>\n<p><a title=\"http:\/\/france.cycle.chic.free.fr\/\" href=\"http:\/\/france.cycle.chic.free.fr\/\" target=\"_blank\" rel=\"noopener\">http:\/\/france.cycle.chic.free.fr\/<\/a>, le Mouvement Cycle Chic fran\u00e7ais!<strong><br \/>\n<\/strong><\/p>\n<p><a title=\"https:\/\/partiduvelo.wordpress.com\" href=\"https:\/\/partiduvelo.wordpress.com\" target=\"_blank\" rel=\"noopener\">Parti-du-velo.fr<\/a>, le site internet du Parti Du V\u00e9lo!<\/p>\n<p><a title=\"http:\/\/www.decroissance.org\/\" href=\"http:\/\/www.decroissance.org\/\" target=\"_blank\" rel=\"noopener\">Decroissance.org<\/a>, le site de l&rsquo;Institut d&rsquo;Etudes Economiques et Sociales pour la D\u00e9croissance.<\/p>\n<p>Le collectif <a title=\"http:\/\/www.velorution.org\/\" href=\"http:\/\/velorution.org\/\" target=\"_blank\" rel=\"noopener\">V\u00e9lorution<\/a> qui milite pour l&rsquo;abolition des privil\u00e8ges injustement accord\u00e9s \u00e0 la bagnole.<\/p>\n<p><img decoding=\"async\" loading=\"lazy\" src=\"http:\/\/carfree.fr\/carfree-france.png\" alt=\"CarFree France\" width=\"80\" height=\"15\" border=\"0\" \/><\/p>\n<!-- Begin PayPal Donations by https:\/\/www.tipsandtricks-hq.com\/paypal-donations-widgets-plugin --> <form action=\"https:\/\/www.paypal.com\/cgi-bin\/webscr\" method=\"post\" target=\"_blank\"> <div class=\"paypal-donations\"> <input type=\"hidden\" name=\"cmd\" value=\"_donations\" \/> <input type=\"hidden\" name=\"bn\" value=\"TipsandTricks_SP\" \/> <input type=\"hidden\" name=\"business\" value=\"carfree@free.fr\" \/> <input type=\"hidden\" name=\"return\" value=\"http:\/\/carfree.fr\/\" \/> <input type=\"hidden\" name=\"item_name\" value=\"Je soutiens Carfree France\" \/> <input type=\"hidden\" name=\"rm\" value=\"0\" \/> <input type=\"hidden\" name=\"currency_code\" value=\"EUR\" \/> <input type=\"hidden\" name=\"lc\" value=\"FR\" \/> <input type=\"image\" style=\"cursor: pointer;\" src=\"http:\/\/carfree.fr\/img\/2020\/10\/don.jpg\" name=\"submit\" alt=\"PayPal - The safer, easier way to pay online.\" \/> <img alt=\"\" src=\"https:\/\/www.paypalobjects.com\/en_US\/i\/scr\/pixel.gif\" width=\"1\" height=\"1\" \/> <\/div> <\/form> <!-- End PayPal Donations -->\n","protected":false},"excerpt":{"rendered":"<p>Centre de Ressources CarFree La Charte du r\u00e9seau mondial Carfree d\u00e9finit les cadres de nos id\u00e9es et objectifs. La Galerie d&rsquo;images CarFree propose en visualisation et en t\u00e9l\u00e9chargement haute r\u00e9solution <a class=\"more-link\" href=\"https:\/\/carfree.fr\/index.php\/ressources\/\">Lire la suite&#8230;<\/a><\/p>\n","protected":false},"author":1390,"featured_media":41942,"parent":0,"menu_order":0,"comment_status":"open","ping_status":"open","template":"","meta":[],"_links":{"self":[{"href":"https:\/\/carfree.fr\/index.php\/wp-json\/wp\/v2\/pages\/40"}],"collection":[{"href":"https:\/\/carfree.fr\/index.php\/wp-json\/wp\/v2\/pages"}],"about":[{"href":"https:\/\/carfree.fr\/index.php\/wp-json\/wp\/v2\/types\/page"}],"author":[{"embeddable":true,"href":"https:\/\/carfree.fr\/index.php\/wp-json\/wp\/v2\/users\/1390"}],"replies":[{"embeddable":true,"href":"https:\/\/carfree.fr\/index.php\/wp-json\/wp\/v2\/comments?post=40"}],"version-history":[{"count":0,"href":"https:\/\/carfree.fr\/index.php\/wp-json\/wp\/v2\/pages\/40\/revisions"}],"wp:featuredmedia":[{"embeddable":true,"href":"https:\/\/carfree.fr\/index.php\/wp-json\/wp\/v2\/media\/41942"}],"wp:attachment":[{"href":"https:\/\/carfree.fr\/index.php\/wp-json\/wp\/v2\/media?parent=40"}],"curies":[{"name":"wp","href":"https:\/\/api.w.org\/{rel}","templated":true}]}}