{"id":43,"date":"2008-02-29T14:36:58","date_gmt":"2008-02-29T13:36:58","guid":{"rendered":"http:\/\/carfree.fr\/index.php\/publiez\/"},"modified":"2021-01-26T09:38:46","modified_gmt":"2021-01-26T08:38:46","slug":"publiez","status":"publish","type":"page","link":"https:\/\/carfree.fr\/index.php\/a-propos\/publiez\/","title":{"rendered":"Publiez !"},"content":{"rendered":"<p>Vous avez une information \u00e0 partager ou un article \u00e0 publier sur Carfree France? Devenez r\u00e9dacteur du site CarFree France, ce qui vous permettra de publier des articles, des br\u00e8ves, des compte-rendus ou toute autre information int\u00e9ressant le mouvement CarFree, que ce soit dans le domaine de la mobilit\u00e9 alternative \u00e0 la voiture (v\u00e9lo, marche, transports publics, etc.) ou dans le domaine de l&rsquo;urbanisme sans voitures (quartiers sans voitures, villages sans voitures, ville sans voiture, etc.).<\/p>\n<p><a title=\"Inscrivez-vous!\" href=\"http:\/\/carfree.fr\/inscription\">Inscrivez-vous !<\/a><br \/>\n<a title=\"Connectez-vous!\" href=\"http:\/\/carfree.fr\/connexion\">Connectez-vous !<\/a><\/p>\n<p>Bienvenue sur CarFree France !<\/p>\n","protected":false},"excerpt":{"rendered":"<p>Vous avez une information \u00e0 partager ou un article \u00e0 publier sur Carfree France? Devenez r\u00e9dacteur du site CarFree France, ce qui vous permettra de publier des articles, des br\u00e8ves, <a class=\"more-link\" href=\"https:\/\/carfree.fr\/index.php\/a-propos\/publiez\/\">Lire la suite&#8230;<\/a><\/p>\n","protected":false},"author":1390,"featured_media":41951,"parent":2,"menu_order":4,"comment_status":"open","ping_status":"closed","template":"","meta":[],"_links":{"self":[{"href":"https:\/\/carfree.fr\/index.php\/wp-json\/wp\/v2\/pages\/43"}],"collection":[{"href":"https:\/\/carfree.fr\/index.php\/wp-json\/wp\/v2\/pages"}],"about":[{"href":"https:\/\/carfree.fr\/index.php\/wp-json\/wp\/v2\/types\/page"}],"author":[{"embeddable":true,"href":"https:\/\/carfree.fr\/index.php\/wp-json\/wp\/v2\/users\/1390"}],"replies":[{"embeddable":true,"href":"https:\/\/carfree.fr\/index.php\/wp-json\/wp\/v2\/comments?post=43"}],"version-history":[{"count":0,"href":"https:\/\/carfree.fr\/index.php\/wp-json\/wp\/v2\/pages\/43\/revisions"}],"up":[{"embeddable":true,"href":"https:\/\/carfree.fr\/index.php\/wp-json\/wp\/v2\/pages\/2"}],"wp:featuredmedia":[{"embeddable":true,"href":"https:\/\/carfree.fr\/index.php\/wp-json\/wp\/v2\/media\/41951"}],"wp:attachment":[{"href":"https:\/\/carfree.fr\/index.php\/wp-json\/wp\/v2\/media?parent=43"}],"curies":[{"name":"wp","href":"https:\/\/api.w.org\/{rel}","templated":true}]}}