{"id":46330,"date":"2026-02-16T11:06:51","date_gmt":"2026-02-16T10:06:51","guid":{"rendered":"https:\/\/carfree.fr\/?page_id=46330"},"modified":"2026-02-26T08:17:48","modified_gmt":"2026-02-26T07:17:48","slug":"partenaires","status":"publish","type":"page","link":"https:\/\/carfree.fr\/index.php\/a-propos\/partenaires\/","title":{"rendered":"Partenaires"},"content":{"rendered":"<table style=\"border-collapse: collapse;\" border=\"0\" width=\"100%\" cellspacing=\"0\" cellpadding=\"15\">\n<tbody>\n<tr>\n<td style=\"border: none;\" align=\"center\" width=\"33%\"><a href=\"https:\/\/afterbunkers.wordpress.com\" target=\"_blank\" rel=\"noopener\"><br \/>\n<img decoding=\"async\" loading=\"lazy\" style=\"border-radius: 50%; object-fit: cover;\" src=\"https:\/\/carfree.fr\/img\/2026\/02\/ab.png\" width=\"80\" height=\"80\" \/><br \/>\n<\/a>After Bunkers<\/td>\n<td style=\"border: none;\" align=\"center\" width=\"33%\"><a href=\"http:\/\/france.cycle.chic.free.fr\" target=\"_blank\" rel=\"noopener\"><br \/>\n<img decoding=\"async\" loading=\"lazy\" style=\"border-radius: 50%; object-fit: cover;\" src=\"https:\/\/velooze.wordpress.com\/wp-content\/uploads\/2025\/02\/france-cycle-chic.jpg\" width=\"80\" height=\"80\" \/><br \/>\n<\/a>France Cycle Chic<\/td>\n<td style=\"border: none;\" align=\"center\" width=\"33%\"><a href=\"https:\/\/velooze.wordpress.com\" target=\"_blank\" rel=\"noopener\"><br \/>\n<img decoding=\"async\" loading=\"lazy\" style=\"border-radius: 50%; object-fit: cover;\" src=\"https:\/\/partiduvelo.wordpress.com\/wp-content\/uploads\/2026\/02\/velooze.jpg\" width=\"80\" height=\"80\" \/><br \/>\n<\/a>V\u00e9looze<\/td>\n<\/tr>\n<tr>\n<td style=\"border: none;\" align=\"center\" width=\"33%\"><a href=\"http:\/\/marcello.robert.free.fr\/\" target=\"_blank\" rel=\"noopener\"><br \/>\n<img decoding=\"async\" loading=\"lazy\" style=\"border-radius: 50%; object-fit: cover;\" src=\"https:\/\/velooze.wordpress.com\/wp-content\/uploads\/2025\/02\/mr-prods.jpg\" width=\"80\" height=\"80\" \/><br \/>\n<\/a>Marcel Robert Productions<\/td>\n<td style=\"border: none;\" align=\"center\" width=\"33%\"><a href=\"https:\/\/journeesansvoitures.wordpress.com\" target=\"_blank\" rel=\"noopener\"><br \/>\n<img decoding=\"async\" loading=\"lazy\" style=\"border-radius: 50%; object-fit: cover;\" src=\"https:\/\/partiduvelo.wordpress.com\/wp-content\/uploads\/2026\/02\/sansvoiture.jpg\" width=\"80\" height=\"80\" \/><br \/>\n<\/a>Journ\u00e9e sans voiture<\/td>\n<td style=\"border: none;\" align=\"center\" width=\"33%\"><a href=\"https:\/\/partiduvelo.wordpress.com\" target=\"_blank\" rel=\"noopener\"><br \/>\n<img decoding=\"async\" loading=\"lazy\" style=\"border-radius: 50%; object-fit: cover;\" src=\"https:\/\/velooze.wordpress.com\/wp-content\/uploads\/2025\/02\/parti-velo.jpg\" width=\"80\" height=\"80\" \/><br \/>\n<\/a>Parti du V\u00e9lo<\/td>\n<\/tr>\n<tr>\n<td style=\"border: none;\" align=\"center\" width=\"33%\"><a href=\"http:\/\/muam.free.fr\" target=\"_blank\" rel=\"noopener\"><br \/>\n<img decoding=\"async\" loading=\"lazy\" style=\"border-radius: 50%; object-fit: cover;\" src=\"https:\/\/partiduvelo.wordpress.com\/wp-content\/uploads\/2026\/02\/musee.jpg\" width=\"80\" height=\"80\" \/><br \/>\n<\/a>MuAM<\/td>\n<td style=\"border: none;\" align=\"center\" width=\"33%\"><a href=\"https:\/\/institutduruissellement.wordpress.com\" target=\"_blank\" rel=\"noopener\"><br \/>\n<img decoding=\"async\" loading=\"lazy\" style=\"border-radius: 50%; object-fit: cover;\" src=\"https:\/\/partiduvelo.wordpress.com\/wp-content\/uploads\/2026\/02\/ir-2.jpg\" width=\"80\" height=\"80\" \/><br \/>\n<\/a>Institut du Ruissellement<\/td>\n<td style=\"border: none;\" align=\"center\" width=\"33%\"><a href=\"http:\/\/explomap.free.fr\" target=\"_blank\" rel=\"noopener\"><br \/>\n<img decoding=\"async\" loading=\"lazy\" style=\"border-radius: 50%; object-fit: cover;\" src=\"https:\/\/partiduvelo.wordpress.com\/wp-content\/uploads\/2026\/02\/emaps.jpg\" width=\"80\" height=\"80\" \/><br \/>\n<\/a>e.maps<\/td>\n<\/tr>\n<tr>\n<td style=\"border: none;\" align=\"center\" width=\"33%\"><a href=\"https:\/\/odp2017.wordpress.com\" target=\"_blank\" rel=\"noopener\"><br \/>\n<img decoding=\"async\" loading=\"lazy\" style=\"border-radius: 50%; object-fit: cover;\" src=\"https:\/\/partiduvelo.wordpress.com\/wp-content\/uploads\/2026\/02\/odp.jpg\" width=\"80\" height=\"80\" \/><br \/>\n<\/a>Observatoire des Politiques<\/td>\n<td style=\"border: none;\" align=\"center\" width=\"33%\"><a href=\"https:\/\/365galerie.wordpress.com\" target=\"_blank\" rel=\"noopener\"><br \/>\n<img decoding=\"async\" loading=\"lazy\" style=\"border-radius: 50%; object-fit: cover;\" src=\"https:\/\/partiduvelo.wordpress.com\/wp-content\/uploads\/2026\/02\/365.jpg\" width=\"80\" height=\"80\" \/><br \/>\n<\/a>365Galerie<\/td>\n<td style=\"border: none;\" align=\"center\" width=\"33%\"><a href=\"https:\/\/antidollarbank.wordpress.com\" target=\"_blank\" rel=\"noopener\"><br \/>\n<img decoding=\"async\" loading=\"lazy\" style=\"border-radius: 50%; object-fit: cover;\" src=\"https:\/\/partiduvelo.wordpress.com\/wp-content\/uploads\/2026\/02\/antidollar-1.jpg\" width=\"80\" height=\"80\" \/><br \/>\n<\/a>antidollar<\/td>\n<\/tr>\n<\/tbody>\n<\/table>\n","protected":false},"excerpt":{"rendered":"<p>After Bunkers France Cycle Chic V\u00e9looze Marcel Robert Productions Journ\u00e9e sans voiture Parti du V\u00e9lo MuAM Institut du Ruissellement e.maps Observatoire des Politiques 365Galerie antidollar<\/p>\n","protected":false},"author":1390,"featured_media":0,"parent":2,"menu_order":0,"comment_status":"closed","ping_status":"closed","template":"","meta":[],"_links":{"self":[{"href":"https:\/\/carfree.fr\/index.php\/wp-json\/wp\/v2\/pages\/46330"}],"collection":[{"href":"https:\/\/carfree.fr\/index.php\/wp-json\/wp\/v2\/pages"}],"about":[{"href":"https:\/\/carfree.fr\/index.php\/wp-json\/wp\/v2\/types\/page"}],"author":[{"embeddable":true,"href":"https:\/\/carfree.fr\/index.php\/wp-json\/wp\/v2\/users\/1390"}],"replies":[{"embeddable":true,"href":"https:\/\/carfree.fr\/index.php\/wp-json\/wp\/v2\/comments?post=46330"}],"version-history":[{"count":0,"href":"https:\/\/carfree.fr\/index.php\/wp-json\/wp\/v2\/pages\/46330\/revisions"}],"up":[{"embeddable":true,"href":"https:\/\/carfree.fr\/index.php\/wp-json\/wp\/v2\/pages\/2"}],"wp:attachment":[{"href":"https:\/\/carfree.fr\/index.php\/wp-json\/wp\/v2\/media?parent=46330"}],"curies":[{"name":"wp","href":"https:\/\/api.w.org\/{rel}","templated":true}]}}