{"id":508,"date":"2008-06-15T18:06:02","date_gmt":"2008-06-15T17:06:02","guid":{"rendered":"http:\/\/carfree.fr\/index.php\/telechargement\/lives\/"},"modified":"2021-01-07T17:42:13","modified_gmt":"2021-01-07T16:42:13","slug":"livres","status":"publish","type":"page","link":"https:\/\/carfree.fr\/index.php\/telechargement\/livres\/","title":{"rendered":"Livres"},"content":{"rendered":"<p><a title=\"http:\/\/www.lulu.com\/shop\/marcel-robert\/transports-publics-urbains-textes-sur-la-gratuit%C3%A9\/paperback\/product-22242035.html\" href=\"https:\/\/www.lulu.com\/shop\/marcel-robert\/transports-publics-urbains-textes-sur-la-gratuit%C3%A9\/paperback\/product-22242035.html\" target=\"_blank\"><img decoding=\"async\" loading=\"lazy\" class=\"alignright\" title=\"livre-gratuit\u00e9\" src=\"http:\/\/carfree.fr\/img\/2008\/06\/couverture-livre.jpg\" alt=\"livre-gratuit\u00e9\" width=\"150\" height=\"246\" align=\"right\" \/><\/a><span style=\"font-weight: bold;\">Transports publics urbains: Textes sur la gratuit\u00e9<\/span><\/p>\n<p>Pour Marcel Robert, il faut op\u00e9rer une r\u00e9volution compl\u00e8te du syst\u00e8me de transport actuel. Il faut tout remettre \u00e0 plat pour envisager un syst\u00e8me int\u00e9gr\u00e9 dans lequel les transports en commun seraient le moteur principal de la mobilit\u00e9, les autres modes (voiture, v\u00e9lo, marche, etc.) \u00e9tant les modes compl\u00e9mentaires. Il faut donc inverser totalement le syst\u00e8me de transport actuel en faisant tomber la voiture de son pi\u00e9destal pour la mettre \u00e0 sa juste place de v\u00e9hicule d\u2019appoint, en particulier en tant que voiture partag\u00e9e. Et le seul \u00e9l\u00e9ment majeur permettant d\u2019envisager cette n\u00e9cessaire r\u00e9volution du syst\u00e8me de transport tient en un mot: gratuit\u00e9.<br \/>\n<a title=\"http:\/\/www.lulu.com\/shop\/marcel-robert\/transports-publics-urbains-textes-sur-la-gratuit%C3%A9\/paperback\/product-22242035.html\" href=\"https:\/\/www.lulu.com\/shop\/marcel-robert\/transports-publics-urbains-textes-sur-la-gratuit%C3%A9\/paperback\/product-22242035.html\" target=\"_blank\"><span style=\"font-weight: bold;\">&gt;&gt; Acc\u00e9der \u00e0 la page du livre<\/span><\/a><\/p>\n<p><a title=\"http:\/\/www.blurb.fr\/b\/4952538-velogistique\" href=\"https:\/\/www.blurb.fr\/b\/4952538-v-logistique\" target=\"_blank\"><img decoding=\"async\" loading=\"lazy\" class=\"alignright\" title=\"livre-v\u00e9logistique\" src=\"http:\/\/carfree.fr\/velogistique.jpg\" alt=\"livre-v\u00e9logistique\" width=\"240\" height=\"103\" align=\"right\" \/><\/a><span style=\"font-weight: bold;\">v\u00e9logistique<\/span><\/p>\n<p>Avec pr\u00e8s de 400 photographies provenant des 5 continents, v\u00e9logistique traite des infinies possibilit\u00e9s du v\u00e9lo pour le transport des courses, des enfants, des marchandises ou m\u00eame pour les activit\u00e9s professionnelles.<br \/>\n<a title=\"http:\/\/www.blurb.fr\/b\/4952538-velogistique\" href=\"https:\/\/www.blurb.fr\/b\/4952538-v-logistique\" target=\"_blank\"><span style=\"font-weight: bold;\">&gt;&gt; Acc\u00e9der \u00e0 la page du livre<\/span><\/a><\/p>\n<p><a title=\"http:\/\/www.blurb.fr\/b\/4733679-iles-sans-voitures\" href=\"https:\/\/www.blurb.fr\/b\/4733679-les-sans-voitures\" target=\"_blank\"><img decoding=\"async\" loading=\"lazy\" class=\"alignright\" title=\"livre-iles-sans-voitures\" src=\"http:\/\/carfree.fr\/iles-sans-voitures.jpg\" alt=\"livre-iles-sans-voitures\" width=\"240\" height=\"103\" align=\"right\" \/><\/a><\/p>\n<p><span style=\"font-weight: bold;\">\u00celes sans voitures<\/span><\/p>\n<p>Avec ce livre de voyage, traitant de 22 \u00eeles sans voitures et regroupant 26 cartes et 168 photographies, Marcel Robert nous raconte un autre monde, celui de l&rsquo;insularit\u00e9 et de la vie sans voiture.<br \/>\n<a title=\"http:\/\/www.blurb.fr\/b\/4733679-iles-sans-voitures\" href=\"https:\/\/www.blurb.fr\/b\/4733679-les-sans-voitures\" target=\"_blank\"><span style=\"font-weight: bold;\">&gt;&gt; Acc\u00e9der \u00e0 la page du livre<\/span><\/a><\/p>\n<!-- Begin PayPal Donations by https:\/\/www.tipsandtricks-hq.com\/paypal-donations-widgets-plugin --> <form action=\"https:\/\/www.paypal.com\/cgi-bin\/webscr\" method=\"post\" target=\"_blank\"> <div class=\"paypal-donations\"> <input type=\"hidden\" name=\"cmd\" value=\"_donations\" \/> <input type=\"hidden\" name=\"bn\" value=\"TipsandTricks_SP\" \/> <input type=\"hidden\" name=\"business\" value=\"carfree@free.fr\" \/> <input type=\"hidden\" name=\"return\" value=\"http:\/\/carfree.fr\/\" \/> <input type=\"hidden\" name=\"item_name\" value=\"Je soutiens Carfree France\" \/> <input type=\"hidden\" name=\"rm\" value=\"0\" \/> <input type=\"hidden\" name=\"currency_code\" value=\"EUR\" \/> <input type=\"hidden\" name=\"lc\" value=\"FR\" \/> <input type=\"image\" style=\"cursor: pointer;\" src=\"http:\/\/carfree.fr\/img\/2020\/10\/don.jpg\" name=\"submit\" alt=\"PayPal - The safer, easier way to pay online.\" \/> <img alt=\"\" src=\"https:\/\/www.paypalobjects.com\/en_US\/i\/scr\/pixel.gif\" width=\"1\" height=\"1\" \/> <\/div> <\/form> <!-- End PayPal Donations -->\n","protected":false},"excerpt":{"rendered":"<p>Transports publics urbains: Textes sur la gratuit\u00e9 Pour Marcel Robert, il faut op\u00e9rer une r\u00e9volution compl\u00e8te du syst\u00e8me de transport actuel. Il faut tout remettre \u00e0 plat pour envisager un <a class=\"more-link\" href=\"https:\/\/carfree.fr\/index.php\/telechargement\/livres\/\">Lire la suite&#8230;<\/a><\/p>\n","protected":false},"author":1390,"featured_media":28112,"parent":23,"menu_order":0,"comment_status":"open","ping_status":"open","template":"","meta":[],"_links":{"self":[{"href":"https:\/\/carfree.fr\/index.php\/wp-json\/wp\/v2\/pages\/508"}],"collection":[{"href":"https:\/\/carfree.fr\/index.php\/wp-json\/wp\/v2\/pages"}],"about":[{"href":"https:\/\/carfree.fr\/index.php\/wp-json\/wp\/v2\/types\/page"}],"author":[{"embeddable":true,"href":"https:\/\/carfree.fr\/index.php\/wp-json\/wp\/v2\/users\/1390"}],"replies":[{"embeddable":true,"href":"https:\/\/carfree.fr\/index.php\/wp-json\/wp\/v2\/comments?post=508"}],"version-history":[{"count":0,"href":"https:\/\/carfree.fr\/index.php\/wp-json\/wp\/v2\/pages\/508\/revisions"}],"up":[{"embeddable":true,"href":"https:\/\/carfree.fr\/index.php\/wp-json\/wp\/v2\/pages\/23"}],"wp:featuredmedia":[{"embeddable":true,"href":"https:\/\/carfree.fr\/index.php\/wp-json\/"}],"wp:attachment":[{"href":"https:\/\/carfree.fr\/index.php\/wp-json\/wp\/v2\/media?parent=508"}],"curies":[{"name":"wp","href":"https:\/\/api.w.org\/{rel}","templated":true}]}}