{"id":762,"date":"2008-09-09T09:10:21","date_gmt":"2008-09-09T08:10:21","guid":{"rendered":"http:\/\/carfree.fr\/index.php\/communication-carfree-france\/"},"modified":"2021-01-07T16:21:51","modified_gmt":"2021-01-07T15:21:51","slug":"communication-carfree-france","status":"publish","type":"page","link":"https:\/\/carfree.fr\/index.php\/communication-carfree-france\/","title":{"rendered":"Communication"},"content":{"rendered":"<p><img decoding=\"async\" loading=\"lazy\" class=\"alignnone size-full wp-image-10988\" title=\"campagne-communication-2011\" src=\"http:\/\/carfree.fr\/campagne\/carfree-campagne.jpg\" alt=\"campagne-communication-2011\" width=\"420\" height=\"200\" \/><\/p>\n<p><strong>Campagne de communication Carfree France 2011<br \/>\n<\/strong><\/p>\n<p>Carfree France lance sa campagne 2011 de communication autour du th\u00e8me de la gratification narcissique de l&rsquo;automobiliste. Tout le monde sait d\u00e9sormais que l&rsquo;automobile est un produit polluant qui nuit \u00e0 la sant\u00e9 de ses occupants, \u00e0 la sant\u00e9 des autres et \u00e0 la sant\u00e9 de la plan\u00e8te. L&rsquo;automobile tue tous les ans plus d&rsquo;un million de personnes dans le monde et en blesse gravement pr\u00e8s de 50 millions d&rsquo;autres dans les seuls accidents de la route, auxquels il faut ajouter les millions de morts et de malades li\u00e9s \u00e0 la pollution automobile&#8230; <!--more--><\/p>\n<p>Merci \u00e0 <a title=\"http:\/\/carfree.fr\/index.php\/author\/serekian\/\" href=\"http:\/\/carfree.fr\/index.php\/author\/serekian\/\" target=\"_self\">Jean-Marc S\u00e9r\u00e9kian<\/a> et aux lecteurs de Carfree\u00a0 France pour leurs nombreuses id\u00e9es de visuels.<\/p>\n<p>Cette campagne se d\u00e9cline en huit affiches au format carte postale, que vous pouvez t\u00e9l\u00e9charger, distribuer et faire circuler librement. Les photos originales sont tir\u00e9es du site Internet Flickr.com et sont  sous licence <a title=\"creativecommons\" href=\"https:\/\/www.flickr.com\/creativecommons\/\" target=\"_blank\">Creative  Commons.<\/a><\/p>\n<p><img decoding=\"async\" loading=\"lazy\" class=\"alignnone size-full wp-image-5707\" title=\"risques\" src=\"http:\/\/carfree.fr\/campagne\/risques-420.jpg\" alt=\"risques\" width=\"420\" height=\"296\" \/><br \/>\n<strong>Savez-vous de quoi est mort James Dean? C\u2019est bien, vous \u00eates cultiv\u00e9. Alors soyez intelligent, \u00e9vitez les risques inutiles.<\/strong><br \/>\n<a title=\"risques\" href=\"http:\/\/carfree.fr\/campagne\/risques.JPG\" target=\"_blank\">T\u00e9l\u00e9charger l\u2019affiche au format 1024*723 (jpg, 412 Ko) <\/a><\/p>\n<p><img decoding=\"async\" loading=\"lazy\" class=\"alignnone size-full wp-image-5708\" title=\"maladies-respiratoires\" src=\"http:\/\/carfree.fr\/campagne\/maladies-respiratoires-420.jpg\" alt=\"maladies-respiratoires\" width=\"420\" height=\"296\" \/><br \/>\n<strong>Pourquoi autant de maladies respiratoires chez les enfants ? Vous connaissez la r\u00e9ponse, tant mieux&#8230;<\/strong><br \/>\n<a title=\"maladies-respiratoires\" href=\"http:\/\/carfree.fr\/campagne\/maladies-respiratoires.JPG\" target=\"_blank\">T\u00e9l\u00e9charger l\u2019affiche au format 1024*723 (jpg, 335 Ko)<\/a><\/p>\n<p><strong><img decoding=\"async\" loading=\"lazy\" class=\"alignnone size-full wp-image-5710\" title=\"conduire\" src=\"http:\/\/carfree.fr\/campagne\/conduire.jpg\" alt=\"conduire\" width=\"420\" height=\"296\" \/><\/strong><br \/>\n<strong>Conduire peut vous mener \u00e0 un lieu que vous n\u2019aviez pas pr\u00e9vu. Alors pensez \u00e0 votre famille qui vous aime.<\/strong><br \/>\n<a title=\"conduire\" href=\"http:\/\/carfree.fr\/campagne\/conduire.jpg\" target=\"_blank\">T\u00e9l\u00e9charger l\u2019affiche au format 1024*723 (jpg, 622 Ko)<\/a><\/p>\n<p><img decoding=\"async\" loading=\"lazy\" class=\"alignnone size-full wp-image-5711\" title=\"addiction-automobile\" src=\"http:\/\/carfree.fr\/campagne\/addiction-automobile-420.jpg\" alt=\"addiction-automobile\" width=\"420\" height=\"296\" \/><br \/>\n<strong>L\u2019addiction \u00e0 l\u2019automobile est-elle pathologique ? Vous ne savez pas ? Alors ne commencez pas !<\/strong><br \/>\n<a title=\"addiction-automobile\" href=\"http:\/\/carfree.fr\/campagne\/addiction-automobile.jpg\" target=\"_blank\">T\u00e9l\u00e9charger l\u2019affiche au format 1024*723 (jpg, 457 Ko)<\/a><\/p>\n<p><img decoding=\"async\" loading=\"lazy\" class=\"alignnone size-full wp-image-5713\" title=\"exces-ponderal\" src=\"http:\/\/carfree.fr\/campagne\/exces-ponderal-420.jpg\" alt=\"exces-ponderal\" width=\"420\" height=\"296\" \/><br \/>\n<strong>Vous n\u2019arrivez plus \u00e0 vous d\u00e9barrasser de votre exc\u00e8s pond\u00e9ral ? Avez-vous une explication?<\/strong><br \/>\n<a title=\"exces-ponderal\" href=\"http:\/\/carfree.fr\/campagne\/exces-ponderal.JPG\" target=\"_blank\">T\u00e9l\u00e9charger l\u2019affiche au format 1024*723 (jpg, 361 Ko)<\/a><\/p>\n<p><img decoding=\"async\" loading=\"lazy\" class=\"alignnone size-full wp-image-5714\" title=\"dysfonction-erectile\" src=\"http:\/\/carfree.fr\/campagne\/dysfonction-erectile-420.jpg\" alt=\"dysfonction-erectile\" width=\"420\" height=\"296\" \/><br \/>\n<strong>Citez une cause de dysfonction \u00e9rectile. Vous avez trouv\u00e9, c\u2019est bien ! <\/strong><br \/>\n<a title=\"dysfonction-erectile\" href=\"http:\/\/carfree.fr\/campagne\/dysfonction-erectile.jpg\" target=\"_blank\">T\u00e9l\u00e9charger l\u2019affiche au format 1024*723 (jpg, 378 Ko)<\/a><\/p>\n<p><img decoding=\"async\" loading=\"lazy\" class=\"alignnone size-full wp-image-5714\" title=\"environnement\" src=\"http:\/\/carfree.fr\/campagne\/environnement-420.jpg\" alt=\"environnement\" width=\"420\" height=\"296\" \/><br \/>\n<strong>Les probl\u00e8mes d\u2019environnement vous pr\u00e9occupent ? Commencez par repenser vos modes de d\u00e9placement pour les trajets de moins de 5 km.<\/strong><br \/>\n<a title=\"environnement\" href=\"http:\/\/carfree.fr\/campagne\/environnement.jpg\" target=\"_blank\">T\u00e9l\u00e9charger l\u2019affiche au format 1024*723 (jpg, 537 Ko)<\/a><\/p>\n<p><img decoding=\"async\" loading=\"lazy\" class=\"alignnone size-full wp-image-5714\" title=\"bouchons\" src=\"http:\/\/carfree.fr\/campagne\/bouchons-420.jpg\" alt=\"bouchons\" width=\"420\" height=\"296\" \/><br \/>\n<strong>Vous en avez marre de perdre du temps et de stresser dans les bouchons ? Des solutions \u00e9cologiques existent. Il suffit d\u2019y r\u00e9fl\u00e9chir.<\/strong><br \/>\n<a title=\"bouchons\" href=\"http:\/\/carfree.fr\/campagne\/bouchons.JPG\" target=\"_blank\">T\u00e9l\u00e9charger l\u2019affiche au format 1024*723 (jpg, 547 Ko)<\/a><\/p>\n<p><strong><\/strong><br \/>\n<strong> Carfree France<\/strong><br \/>\nhttp:\/\/carfree.fr\/<\/p>\n<p><strong>Voir aussi: <\/strong><br \/>\n<a title=\"http:\/\/carfree.fr\/index.php\/2010\/01\/09\/campagne-de-communication-carfree-france-2010-changez-de-vie-changez-le-monde\/\" href=\"http:\/\/carfree.fr\/index.php\/2010\/01\/09\/campagne-de-communication-carfree-france-2010-changez-de-vie-changez-le-monde\/\" target=\"_self\">Campagne Carfree France 2010: Changez de vie, changez le monde<\/a><br \/>\n<a title=\"http:\/\/carfree.fr\/index.php\/2009\/02\/24\/campagne-carfree-france-2009-la-fin-de-lautomobile-cest-maintenant\/\" href=\"http:\/\/carfree.fr\/index.php\/2009\/02\/24\/campagne-carfree-france-2009-la-fin-de-lautomobile-cest-maintenant\/\" target=\"_self\">Campagne Carfree France 2009: La fin de l&rsquo;automobile, c&rsquo;est maintenant<\/a><br \/>\n<a title=\"http:\/\/carfree.fr\/index.php\/2008\/04\/03\/campagne-carfree-france-2008-une-voiture-en-moins\/\" href=\"http:\/\/carfree.fr\/index.php\/2008\/04\/03\/campagne-carfree-france-2008-une-voiture-en-moins\/\" target=\"_self\">Campagne Carfree France 2008: Une voiture en moins<\/a><\/p>\n","protected":false},"excerpt":{"rendered":"<p>Campagne de communication Carfree France 2011 Carfree France lance sa campagne 2011 de communication autour du th\u00e8me de la gratification narcissique de l&rsquo;automobiliste. Tout le monde sait d\u00e9sormais que l&rsquo;automobile <a class=\"more-link\" href=\"https:\/\/carfree.fr\/index.php\/communication-carfree-france\/\">Lire la suite&#8230;<\/a><\/p>\n","protected":false},"author":1390,"featured_media":10988,"parent":0,"menu_order":9,"comment_status":"open","ping_status":"closed","template":"","meta":[],"_links":{"self":[{"href":"https:\/\/carfree.fr\/index.php\/wp-json\/wp\/v2\/pages\/762"}],"collection":[{"href":"https:\/\/carfree.fr\/index.php\/wp-json\/wp\/v2\/pages"}],"about":[{"href":"https:\/\/carfree.fr\/index.php\/wp-json\/wp\/v2\/types\/page"}],"author":[{"embeddable":true,"href":"https:\/\/carfree.fr\/index.php\/wp-json\/wp\/v2\/users\/1390"}],"replies":[{"embeddable":true,"href":"https:\/\/carfree.fr\/index.php\/wp-json\/wp\/v2\/comments?post=762"}],"version-history":[{"count":0,"href":"https:\/\/carfree.fr\/index.php\/wp-json\/wp\/v2\/pages\/762\/revisions"}],"wp:featuredmedia":[{"embeddable":true,"href":"https:\/\/carfree.fr\/index.php\/wp-json\/"}],"wp:attachment":[{"href":"https:\/\/carfree.fr\/index.php\/wp-json\/wp\/v2\/media?parent=762"}],"curies":[{"name":"wp","href":"https:\/\/api.w.org\/{rel}","templated":true}]}}